{"id":434134,"date":"2023-11-09T10:12:04","date_gmt":"2023-11-09T10:12:04","guid":{"rendered":"https:\/\/emea.dev.technetix.com\/lifep04-breitband-standby-batterien\/36-vdc-100-ah-lifep04-breitband-standby-batterie-lblifepo4-36v100ah\/"},"modified":"2024-06-11T08:46:42","modified_gmt":"2024-06-11T08:46:42","slug":"36-vdc-100-ah-lifep04-breitband-standby-batterie-lblifepo4-36v100ah","status":"publish","type":"page","link":"https:\/\/emea.dev.technetix.com\/de\/stromversorgungsloesungen\/lifep04-breitband-standby-batterien\/36-vdc-100-ah-lifep04-breitband-standby-batterie-lblifepo4-36v100ah\/","title":{"rendered":"36 VDC, 100 Ah LiFeP04 Breitband Standby-Batterie (LBLIFEP04-36V100AH)"},"content":{"rendered":"<div class=\"gb-container gb-container-a2efb66f gb-container-wide-back-page-con\" id=\"content\">\n<div class=\"gb-grid-wrapper gb-grid-wrapper-5efcc144\">\n<div class=\"gb-grid-column gb-grid-column-6e2f42ae\"><div class=\"gb-container gb-container-6e2f42ae\" id=\"image-col\"><div class=\"gb-inside-container\">\n<figure class=\"gb-block-image gb-block-image-61e35e7d\"><img loading=\"lazy\" decoding=\"async\" width=\"1000\" height=\"1000\" class=\"gb-image gb-image-61e35e7d\" src=\"https:\/\/emea.dev.technetix.com\/wp-content\/uploads\/sites\/2\/2023\/11\/00000000_LBLIFE-PO4-36V_PRFL_05-1.png\" alt=\"\" title=\"00000000_LBLIFE-PO4-36V_PRFL_05\" srcset=\"https:\/\/emea.dev.technetix.com\/wp-content\/uploads\/sites\/2\/2023\/11\/00000000_LBLIFE-PO4-36V_PRFL_05-1.png 1000w, https:\/\/emea.dev.technetix.com\/wp-content\/uploads\/sites\/2\/2023\/11\/00000000_LBLIFE-PO4-36V_PRFL_05-1-300x300.png 300w, https:\/\/emea.dev.technetix.com\/wp-content\/uploads\/sites\/2\/2023\/11\/00000000_LBLIFE-PO4-36V_PRFL_05-1-150x150.png 150w, https:\/\/emea.dev.technetix.com\/wp-content\/uploads\/sites\/2\/2023\/11\/00000000_LBLIFE-PO4-36V_PRFL_05-1-768x768.png 768w, https:\/\/emea.dev.technetix.com\/wp-content\/uploads\/sites\/2\/2023\/11\/00000000_LBLIFE-PO4-36V_PRFL_05-1-600x600.png 600w, https:\/\/emea.dev.technetix.com\/wp-content\/uploads\/sites\/2\/2023\/11\/00000000_LBLIFE-PO4-36V_PRFL_05-1-100x100.png 100w\" sizes=\"(max-width: 1000px) 100vw, 1000px\" \/><\/figure>\n<\/div><\/div><\/div>\n\n<div class=\"gb-grid-column gb-grid-column-cb46cc96\"><div class=\"gb-container gb-container-cb46cc96\" id=\"content-col\"><div class=\"gb-inside-container\">\n<h2 class=\"gb-headline gb-headline-d02c52e4 gb-headline-text\">36 VDC, 100 Ah LiFeP04 Breitband Standby-Batterie (LBLIFEP04-36V100AH)<\/h2>\n\n<p>Die n\u00e4chste Generation von Lithium-Eisen-Phosphat-Batterien f\u00fcr Standby Versorgungs-anwendungen. Passt in das Batteriefach eines einzelnen Aussengeh\u00e4uses und ersetzt drei 12 VDC Bleis\u00e4ure-VRLA-Batterien, die zur Generierung eines Strangs mit 36 VDC in Reihe geschaltet sind. Stellt eine nachhaltige Standby-Unterst\u00fctzung f\u00fcr die HFC-Stromversorgung bereit und bietet dabei gleichzeitig eine hervorragende Leistung.  <\/p>\n\n<ul class=\"wp-block-list\"><li>Extrem hohe Energiedichte mit bis zu 90 % DoD<\/li>\n\n<li>Zertifiziert entsprechend ANSI\/CAN\/UL 1.973 and CE<\/li>\n\n<li>100 % wiederverwertbar, bleifrei, ohne Grundwasser-verschmutzendes Quecksilber, Kadmium, Kobalt oder seltene Erden<\/li>\n\n<li>10x l\u00e4ngere Lebensdauer als VRLA, 3x l\u00e4ngere Lebensdauer als NMC<\/li><\/ul>\n<\/div><\/div><\/div>\n<\/div>\n\n<div class=\"gb-container gb-container-dbeed0b8 gb-container-con-buttons-bottom\">\n<h2 class=\"gb-headline gb-headline-7ce6fa4b gb-headline-text gb-headline-head-bottom-buttons\">N\u00fctzliche Links<\/h2>\n\n<div class=\"gb-button-wrapper gb-button-wrapper-5300c273 gb-button-wrapper-after-con-buttons\">\n<a class=\"gb-button gb-button-3eadfa91 gb-button-text gb-button-bottom-button\" href=\"https:\/\/emea.dev.technetix.com\/wp-content\/uploads\/sites\/2\/2024\/01\/19200934_LBLIFEPO4_36V100AH_V1_DS_EN.pdf\" target=\"_blank\" rel=\"noopener noreferrer\">Datenblatt<\/a>\n\n<a class=\"gb-button gb-button-74bfad52 gb-button-text gb-button-bottom-button\" href=\"https:\/\/emea.dev.technetix.com\/de\/kontakt\/\">Kontakt<\/a>\n<\/div>\n<\/div>\n<\/div>","protected":false},"excerpt":{"rendered":"<p>N\u00fctzliche Links<\/p>\n","protected":false},"author":21,"featured_media":0,"parent":417321,"menu_order":0,"comment_status":"closed","ping_status":"closed","template":"","meta":{"_acf_changed":false,"_gspb_post_css":"","footnotes":""},"class_list":["post-434134","page","type-page","status-publish"],"yoast_head":"<!-- This site is optimized with the Yoast SEO Premium plugin v22.5 (Yoast SEO v23.7) - https:\/\/yoast.com\/wordpress\/plugins\/seo\/ -->\n<title>36 VDC, 100 Ah LiFeP04 Breitband Standby-Batterie (LBLIFEP04-36V100AH) - Technetix EMEA<\/title>\n<meta name=\"robots\" content=\"index, follow, max-snippet:-1, max-image-preview:large, max-video-preview:-1\" \/>\n<link rel=\"canonical\" href=\"https:\/\/emea.dev.technetix.com\/de\/stromversorgungsloesungen\/lifep04-breitband-standby-batterien\/36-vdc-100-ah-lifep04-breitband-standby-batterie-lblifepo4-36v100ah\/\" \/>\n<meta property=\"og:locale\" content=\"de_DE\" \/>\n<meta property=\"og:type\" content=\"article\" \/>\n<meta property=\"og:title\" content=\"36 VDC, 100 Ah LiFeP04 Breitband Standby-Batterie (LBLIFEP04-36V100AH) - Technetix EMEA\" \/>\n<meta property=\"og:description\" content=\"N\u00fctzliche Links\" \/>\n<meta property=\"og:url\" content=\"https:\/\/emea.dev.technetix.com\/de\/stromversorgungsloesungen\/lifep04-breitband-standby-batterien\/36-vdc-100-ah-lifep04-breitband-standby-batterie-lblifepo4-36v100ah\/\" \/>\n<meta property=\"og:site_name\" content=\"Technetix EMEA\" \/>\n<meta property=\"article:modified_time\" content=\"2024-06-11T08:46:42+00:00\" \/>\n<meta property=\"og:image\" content=\"https:\/\/emea.dev.technetix.com\/wp-content\/uploads\/sites\/2\/2023\/11\/00000000_LBLIFE-PO4-36V_PRFL_05-1.png\" \/>\n<meta name=\"twitter:card\" content=\"summary_large_image\" \/>\n<meta name=\"twitter:site\" content=\"@technetixgroup\" \/>\n<script type=\"application\/ld+json\" class=\"yoast-schema-graph\">{\"@context\":\"https:\/\/schema.org\",\"@graph\":[{\"@type\":\"WebPage\",\"@id\":\"https:\/\/emea.dev.technetix.com\/de\/stromversorgungsloesungen\/lifep04-breitband-standby-batterien\/36-vdc-100-ah-lifep04-breitband-standby-batterie-lblifepo4-36v100ah\/\",\"url\":\"https:\/\/emea.dev.technetix.com\/de\/stromversorgungsloesungen\/lifep04-breitband-standby-batterien\/36-vdc-100-ah-lifep04-breitband-standby-batterie-lblifepo4-36v100ah\/\",\"name\":\"36 VDC, 100 Ah LiFeP04 Breitband Standby-Batterie (LBLIFEP04-36V100AH) - Technetix EMEA\",\"isPartOf\":{\"@id\":\"https:\/\/emea.dev.technetix.com\/de\/#website\"},\"primaryImageOfPage\":{\"@id\":\"https:\/\/emea.dev.technetix.com\/de\/stromversorgungsloesungen\/lifep04-breitband-standby-batterien\/36-vdc-100-ah-lifep04-breitband-standby-batterie-lblifepo4-36v100ah\/#primaryimage\"},\"image\":{\"@id\":\"https:\/\/emea.dev.technetix.com\/de\/stromversorgungsloesungen\/lifep04-breitband-standby-batterien\/36-vdc-100-ah-lifep04-breitband-standby-batterie-lblifepo4-36v100ah\/#primaryimage\"},\"thumbnailUrl\":\"https:\/\/emea.dev.technetix.com\/wp-content\/uploads\/sites\/2\/2023\/11\/00000000_LBLIFE-PO4-36V_PRFL_05-1.png\",\"datePublished\":\"2023-11-09T10:12:04+00:00\",\"dateModified\":\"2024-06-11T08:46:42+00:00\",\"breadcrumb\":{\"@id\":\"https:\/\/emea.dev.technetix.com\/de\/stromversorgungsloesungen\/lifep04-breitband-standby-batterien\/36-vdc-100-ah-lifep04-breitband-standby-batterie-lblifepo4-36v100ah\/#breadcrumb\"},\"inLanguage\":\"de\",\"potentialAction\":[{\"@type\":\"ReadAction\",\"target\":[\"https:\/\/emea.dev.technetix.com\/de\/stromversorgungsloesungen\/lifep04-breitband-standby-batterien\/36-vdc-100-ah-lifep04-breitband-standby-batterie-lblifepo4-36v100ah\/\"]}]},{\"@type\":\"ImageObject\",\"inLanguage\":\"de\",\"@id\":\"https:\/\/emea.dev.technetix.com\/de\/stromversorgungsloesungen\/lifep04-breitband-standby-batterien\/36-vdc-100-ah-lifep04-breitband-standby-batterie-lblifepo4-36v100ah\/#primaryimage\",\"url\":\"https:\/\/emea.dev.technetix.com\/wp-content\/uploads\/sites\/2\/2023\/11\/00000000_LBLIFE-PO4-36V_PRFL_05-1.png\",\"contentUrl\":\"https:\/\/emea.dev.technetix.com\/wp-content\/uploads\/sites\/2\/2023\/11\/00000000_LBLIFE-PO4-36V_PRFL_05-1.png\"},{\"@type\":\"BreadcrumbList\",\"@id\":\"https:\/\/emea.dev.technetix.com\/de\/stromversorgungsloesungen\/lifep04-breitband-standby-batterien\/36-vdc-100-ah-lifep04-breitband-standby-batterie-lblifepo4-36v100ah\/#breadcrumb\",\"itemListElement\":[{\"@type\":\"ListItem\",\"position\":1,\"name\":\"Home\",\"item\":\"https:\/\/emea.dev.technetix.com\/de\/\"},{\"@type\":\"ListItem\",\"position\":2,\"name\":\"Stromversorgungsl\u00f6sungen\",\"item\":\"https:\/\/emea.dev.technetix.com\/de\/stromversorgungsloesungen\/\"},{\"@type\":\"ListItem\",\"position\":3,\"name\":\"LiFeP04 Breitband Standby-Batterien\",\"item\":\"https:\/\/emea.dev.technetix.com\/de\/stromversorgungsloesungen\/lifep04-breitband-standby-batterien\/\"},{\"@type\":\"ListItem\",\"position\":4,\"name\":\"36 VDC, 100 Ah LiFeP04 Breitband Standby-Batterie (LBLIFEP04-36V100AH)\"}]},{\"@type\":\"WebSite\",\"@id\":\"https:\/\/emea.dev.technetix.com\/de\/#website\",\"url\":\"https:\/\/emea.dev.technetix.com\/de\/\",\"name\":\"Technetix\",\"description\":\"Next-generation broadband equipment engineering\",\"publisher\":{\"@id\":\"https:\/\/emea.dev.technetix.com\/de\/#organization\"},\"potentialAction\":[{\"@type\":\"SearchAction\",\"target\":{\"@type\":\"EntryPoint\",\"urlTemplate\":\"https:\/\/emea.dev.technetix.com\/de\/?s={search_term_string}\"},\"query-input\":{\"@type\":\"PropertyValueSpecification\",\"valueRequired\":true,\"valueName\":\"search_term_string\"}}],\"inLanguage\":\"de\"},{\"@type\":\"Organization\",\"@id\":\"https:\/\/emea.dev.technetix.com\/de\/#organization\",\"name\":\"Technetix\",\"url\":\"https:\/\/emea.dev.technetix.com\/de\/\",\"logo\":{\"@type\":\"ImageObject\",\"inLanguage\":\"de\",\"@id\":\"https:\/\/emea.dev.technetix.com\/de\/#\/schema\/logo\/image\/\",\"url\":\"https:\/\/emea.dev.technetix.com\/wp-content\/uploads\/sites\/2\/2023\/06\/logo-Technetix-1000x1000-1.png\",\"contentUrl\":\"https:\/\/emea.dev.technetix.com\/wp-content\/uploads\/sites\/2\/2023\/06\/logo-Technetix-1000x1000-1.png\",\"width\":1000,\"height\":1000,\"caption\":\"Technetix\"},\"image\":{\"@id\":\"https:\/\/emea.dev.technetix.com\/de\/#\/schema\/logo\/image\/\"},\"sameAs\":[\"https:\/\/x.com\/technetixgroup\",\"https:\/\/www.linkedin.com\/company\/technetix\/\",\"https:\/\/www.youtube.com\/c\/Technetix-group\"]}]}<\/script>\n<!-- \/ Yoast SEO Premium plugin. -->","yoast_head_json":{"title":"36 VDC, 100 Ah LiFeP04 Breitband Standby-Batterie (LBLIFEP04-36V100AH) - Technetix EMEA","robots":{"index":"index","follow":"follow","max-snippet":"max-snippet:-1","max-image-preview":"max-image-preview:large","max-video-preview":"max-video-preview:-1"},"canonical":"https:\/\/emea.dev.technetix.com\/de\/stromversorgungsloesungen\/lifep04-breitband-standby-batterien\/36-vdc-100-ah-lifep04-breitband-standby-batterie-lblifepo4-36v100ah\/","og_locale":"de_DE","og_type":"article","og_title":"36 VDC, 100 Ah LiFeP04 Breitband Standby-Batterie (LBLIFEP04-36V100AH) - Technetix EMEA","og_description":"N\u00fctzliche Links","og_url":"https:\/\/emea.dev.technetix.com\/de\/stromversorgungsloesungen\/lifep04-breitband-standby-batterien\/36-vdc-100-ah-lifep04-breitband-standby-batterie-lblifepo4-36v100ah\/","og_site_name":"Technetix EMEA","article_modified_time":"2024-06-11T08:46:42+00:00","og_image":[{"url":"https:\/\/emea.dev.technetix.com\/wp-content\/uploads\/sites\/2\/2023\/11\/00000000_LBLIFE-PO4-36V_PRFL_05-1.png"}],"twitter_card":"summary_large_image","twitter_site":"@technetixgroup","schema":{"@context":"https:\/\/schema.org","@graph":[{"@type":"WebPage","@id":"https:\/\/emea.dev.technetix.com\/de\/stromversorgungsloesungen\/lifep04-breitband-standby-batterien\/36-vdc-100-ah-lifep04-breitband-standby-batterie-lblifepo4-36v100ah\/","url":"https:\/\/emea.dev.technetix.com\/de\/stromversorgungsloesungen\/lifep04-breitband-standby-batterien\/36-vdc-100-ah-lifep04-breitband-standby-batterie-lblifepo4-36v100ah\/","name":"36 VDC, 100 Ah LiFeP04 Breitband Standby-Batterie (LBLIFEP04-36V100AH) - Technetix EMEA","isPartOf":{"@id":"https:\/\/emea.dev.technetix.com\/de\/#website"},"primaryImageOfPage":{"@id":"https:\/\/emea.dev.technetix.com\/de\/stromversorgungsloesungen\/lifep04-breitband-standby-batterien\/36-vdc-100-ah-lifep04-breitband-standby-batterie-lblifepo4-36v100ah\/#primaryimage"},"image":{"@id":"https:\/\/emea.dev.technetix.com\/de\/stromversorgungsloesungen\/lifep04-breitband-standby-batterien\/36-vdc-100-ah-lifep04-breitband-standby-batterie-lblifepo4-36v100ah\/#primaryimage"},"thumbnailUrl":"https:\/\/emea.dev.technetix.com\/wp-content\/uploads\/sites\/2\/2023\/11\/00000000_LBLIFE-PO4-36V_PRFL_05-1.png","datePublished":"2023-11-09T10:12:04+00:00","dateModified":"2024-06-11T08:46:42+00:00","breadcrumb":{"@id":"https:\/\/emea.dev.technetix.com\/de\/stromversorgungsloesungen\/lifep04-breitband-standby-batterien\/36-vdc-100-ah-lifep04-breitband-standby-batterie-lblifepo4-36v100ah\/#breadcrumb"},"inLanguage":"de","potentialAction":[{"@type":"ReadAction","target":["https:\/\/emea.dev.technetix.com\/de\/stromversorgungsloesungen\/lifep04-breitband-standby-batterien\/36-vdc-100-ah-lifep04-breitband-standby-batterie-lblifepo4-36v100ah\/"]}]},{"@type":"ImageObject","inLanguage":"de","@id":"https:\/\/emea.dev.technetix.com\/de\/stromversorgungsloesungen\/lifep04-breitband-standby-batterien\/36-vdc-100-ah-lifep04-breitband-standby-batterie-lblifepo4-36v100ah\/#primaryimage","url":"https:\/\/emea.dev.technetix.com\/wp-content\/uploads\/sites\/2\/2023\/11\/00000000_LBLIFE-PO4-36V_PRFL_05-1.png","contentUrl":"https:\/\/emea.dev.technetix.com\/wp-content\/uploads\/sites\/2\/2023\/11\/00000000_LBLIFE-PO4-36V_PRFL_05-1.png"},{"@type":"BreadcrumbList","@id":"https:\/\/emea.dev.technetix.com\/de\/stromversorgungsloesungen\/lifep04-breitband-standby-batterien\/36-vdc-100-ah-lifep04-breitband-standby-batterie-lblifepo4-36v100ah\/#breadcrumb","itemListElement":[{"@type":"ListItem","position":1,"name":"Home","item":"https:\/\/emea.dev.technetix.com\/de\/"},{"@type":"ListItem","position":2,"name":"Stromversorgungsl\u00f6sungen","item":"https:\/\/emea.dev.technetix.com\/de\/stromversorgungsloesungen\/"},{"@type":"ListItem","position":3,"name":"LiFeP04 Breitband Standby-Batterien","item":"https:\/\/emea.dev.technetix.com\/de\/stromversorgungsloesungen\/lifep04-breitband-standby-batterien\/"},{"@type":"ListItem","position":4,"name":"36 VDC, 100 Ah LiFeP04 Breitband Standby-Batterie (LBLIFEP04-36V100AH)"}]},{"@type":"WebSite","@id":"https:\/\/emea.dev.technetix.com\/de\/#website","url":"https:\/\/emea.dev.technetix.com\/de\/","name":"Technetix","description":"Next-generation broadband equipment engineering","publisher":{"@id":"https:\/\/emea.dev.technetix.com\/de\/#organization"},"potentialAction":[{"@type":"SearchAction","target":{"@type":"EntryPoint","urlTemplate":"https:\/\/emea.dev.technetix.com\/de\/?s={search_term_string}"},"query-input":{"@type":"PropertyValueSpecification","valueRequired":true,"valueName":"search_term_string"}}],"inLanguage":"de"},{"@type":"Organization","@id":"https:\/\/emea.dev.technetix.com\/de\/#organization","name":"Technetix","url":"https:\/\/emea.dev.technetix.com\/de\/","logo":{"@type":"ImageObject","inLanguage":"de","@id":"https:\/\/emea.dev.technetix.com\/de\/#\/schema\/logo\/image\/","url":"https:\/\/emea.dev.technetix.com\/wp-content\/uploads\/sites\/2\/2023\/06\/logo-Technetix-1000x1000-1.png","contentUrl":"https:\/\/emea.dev.technetix.com\/wp-content\/uploads\/sites\/2\/2023\/06\/logo-Technetix-1000x1000-1.png","width":1000,"height":1000,"caption":"Technetix"},"image":{"@id":"https:\/\/emea.dev.technetix.com\/de\/#\/schema\/logo\/image\/"},"sameAs":["https:\/\/x.com\/technetixgroup","https:\/\/www.linkedin.com\/company\/technetix\/","https:\/\/www.youtube.com\/c\/Technetix-group"]}]}},"acf":[],"publishpress_future_workflow_manual_trigger":{"enabledWorkflows":[]},"_links":{"self":[{"href":"https:\/\/emea.dev.technetix.com\/de\/wp-json\/wp\/v2\/pages\/434134"}],"collection":[{"href":"https:\/\/emea.dev.technetix.com\/de\/wp-json\/wp\/v2\/pages"}],"about":[{"href":"https:\/\/emea.dev.technetix.com\/de\/wp-json\/wp\/v2\/types\/page"}],"author":[{"embeddable":true,"href":"https:\/\/emea.dev.technetix.com\/de\/wp-json\/wp\/v2\/users\/21"}],"replies":[{"embeddable":true,"href":"https:\/\/emea.dev.technetix.com\/de\/wp-json\/wp\/v2\/comments?post=434134"}],"version-history":[{"count":1,"href":"https:\/\/emea.dev.technetix.com\/de\/wp-json\/wp\/v2\/pages\/434134\/revisions"}],"predecessor-version":[{"id":434135,"href":"https:\/\/emea.dev.technetix.com\/de\/wp-json\/wp\/v2\/pages\/434134\/revisions\/434135"}],"up":[{"embeddable":true,"href":"https:\/\/emea.dev.technetix.com\/de\/wp-json\/wp\/v2\/pages\/417321"}],"wp:attachment":[{"href":"https:\/\/emea.dev.technetix.com\/de\/wp-json\/wp\/v2\/media?parent=434134"}],"curies":[{"name":"wp","href":"https:\/\/api.w.org\/{rel}","templated":true}]}}