{"id":432986,"date":"2023-11-08T16:23:10","date_gmt":"2023-11-08T16:23:10","guid":{"rendered":"https:\/\/emea.dev.technetix.com\/stromversorgungsloesungen\/"},"modified":"2024-06-13T13:59:57","modified_gmt":"2024-06-13T13:59:57","slug":"stromversorgungsloesungen","status":"publish","type":"page","link":"https:\/\/emea.dev.technetix.com\/de\/stromversorgungsloesungen\/","title":{"rendered":"Stromversorgungsl\u00f6sungen"},"content":{"rendered":"<div class=\"gb-container gb-container-6741be28 gb-container-con-centered-header\" id=\"intro\">\n<div style=\"height:35px\" aria-hidden=\"true\" class=\"wp-block-spacer\"><\/div>\n\n<h1 class=\"gb-headline gb-headline-19bc1771 gb-headline-text\">Stromversorgungsl\u00f6sungen <\/h1>\n\n<h2 class=\"gb-headline gb-headline-c32d1e85 gb-headline-text\">Effiziente und zuverl\u00e4ssige Stromversorgung f\u00fcr die kontinuierliche Bereitstellung von Diensten f\u00fcr alle Applikationen \u2013 auch in extremen Umgebungen.<\/h2>\n\n<h3 class=\"gb-headline gb-headline-605734f9 gb-headline-text\">Die Auswahl beinhaltet unterbrechungsfreie Stromversorgungen (USV), regul\u00e4re Stromversorgungen, NIU\/CPE USV-Systeme, Stromversorgungen f\u00fcr kleine Zellen und nachhaltige Stromversorgungen durch NUE-L\u00f6sungen. Kundenspezifische L\u00f6sungen sind ebenfalls verf\u00fcgbar, bitte nehmen Sie dazu Kontakt mit unseren Experten auf. <\/h3>\n\n<div style=\"height:20px\" aria-hidden=\"true\" class=\"wp-block-spacer\"><\/div>\n\n<div style=\"height:20px\" aria-hidden=\"true\" class=\"wp-block-spacer\"><\/div>\n\n<h2 class=\"gb-headline gb-headline-dc6478e0 gb-headline-text\">Netzteile<\/h2>\n\n<div style=\"height:15px\" aria-hidden=\"true\" class=\"wp-block-spacer\"><\/div>\n<\/div><div class=\"gb-container gb-container-718bb3b4 gb-container-con-buttons-bottom\">\n<div class=\"gb-grid-wrapper gb-grid-wrapper-e319bd98\">\n<div class=\"gb-grid-column gb-grid-column-f96afcf7\"><div class=\"gb-container gb-container-f96afcf7 image-link-block\"><a class=\"gb-container-link\" href=\"https:\/\/emea.dev.technetix.com\/de\/stromversorgungsloesungen\/netzwerk-standby-nicht-standby-usv-stromversorgungen\/\"><\/a><div class=\"gb-inside-container\">\n<div class=\"gb-container gb-container-0bf4b857\"><div class=\"gb-inside-container\">\n<figure class=\"gb-block-image gb-block-image-ded05162\"><img loading=\"lazy\" decoding=\"async\" width=\"1000\" height=\"500\" class=\"gb-image gb-image-ded05162\" src=\"https:\/\/emea.dev.technetix.com\/wp-content\/uploads\/sites\/2\/2024\/04\/ASPX_PRFL_06-1.png\" alt=\"ASPX product image\" title=\"_ASPX_PRFL_06\" srcset=\"https:\/\/emea.dev.technetix.com\/wp-content\/uploads\/sites\/2\/2024\/04\/ASPX_PRFL_06-1.png 1000w, https:\/\/emea.dev.technetix.com\/wp-content\/uploads\/sites\/2\/2024\/04\/ASPX_PRFL_06-1-300x150.png 300w, https:\/\/emea.dev.technetix.com\/wp-content\/uploads\/sites\/2\/2024\/04\/ASPX_PRFL_06-1-768x384.png 768w, https:\/\/emea.dev.technetix.com\/wp-content\/uploads\/sites\/2\/2024\/04\/ASPX_PRFL_06-1-600x300.png 600w\" sizes=\"(max-width: 1000px) 100vw, 1000px\" \/><\/figure>\n\n<h2 class=\"gb-headline gb-headline-34530aaa gb-headline-text\">Netzwerk-Standby\/ USV-Stromversorgung<\/h2>\n\n<p class=\"gb-headline gb-headline-3a31dc81 gb-headline-text\"><\/p>\n<\/div><\/div>\n<\/div><\/div><\/div>\n\n<div class=\"gb-grid-column gb-grid-column-31022bba\"><div class=\"gb-container gb-container-31022bba image-link-block\"><a class=\"gb-container-link\" href=\"https:\/\/emea.dev.technetix.com\/de\/stromversorgungsloesungen\/nachhaltige-erneuerbare-loesungen\/\"><\/a><div class=\"gb-inside-container\">\n<div class=\"gb-container gb-container-80d45c74\"><div class=\"gb-inside-container\">\n<figure class=\"gb-block-image gb-block-image-51a93b7b\"><img loading=\"lazy\" decoding=\"async\" width=\"1000\" height=\"500\" class=\"gb-image gb-image-51a93b7b\" src=\"https:\/\/emea.dev.technetix.com\/wp-content\/uploads\/sites\/2\/2023\/12\/0002_Portable-LiFePO4-830-3.png\" alt=\"\" title=\"0002_Portable-LiFePO4-830-3\" srcset=\"https:\/\/emea.dev.technetix.com\/wp-content\/uploads\/sites\/2\/2023\/12\/0002_Portable-LiFePO4-830-3.png 1000w, https:\/\/emea.dev.technetix.com\/wp-content\/uploads\/sites\/2\/2023\/12\/0002_Portable-LiFePO4-830-3-300x150.png 300w, https:\/\/emea.dev.technetix.com\/wp-content\/uploads\/sites\/2\/2023\/12\/0002_Portable-LiFePO4-830-3-768x384.png 768w, https:\/\/emea.dev.technetix.com\/wp-content\/uploads\/sites\/2\/2023\/12\/0002_Portable-LiFePO4-830-3-600x300.png 600w\" sizes=\"(max-width: 1000px) 100vw, 1000px\" \/><\/figure>\n\n<h2 class=\"gb-headline gb-headline-0c379c82 gb-headline-text\">Nachhaltige\/erneuerbare L\u00f6sungen<\/h2>\n\n<p class=\"gb-headline gb-headline-da86fb36 gb-headline-text\"><\/p>\n<\/div><\/div>\n<\/div><\/div><\/div>\n<\/div>\n\n<div style=\"height:15px\" aria-hidden=\"true\" class=\"wp-block-spacer\"><\/div>\n\n<div class=\"gb-container gb-container-d253fe0e gb-container-con-centered-header\" id=\"intro\">\n<h2 class=\"gb-headline gb-headline-5839cb5f gb-headline-text\">Batterien<\/h2>\n\n<div style=\"height:15px\" aria-hidden=\"true\" class=\"wp-block-spacer\"><\/div>\n<\/div>\n\n<div class=\"gb-grid-wrapper gb-grid-wrapper-bfa9815d\">\n<div class=\"gb-grid-column gb-grid-column-8414dd49\"><div class=\"gb-container gb-container-8414dd49 image-link-block\"><a class=\"gb-container-link\" href=\"https:\/\/emea.dev.technetix.com\/broadband-cable\/rfog-onus\/\"><\/a><div class=\"gb-inside-container\">\n<div class=\"gb-container gb-container-0d37d85f\"><div class=\"gb-inside-container\">\n<figure class=\"gb-block-image gb-block-image-358df7e9\"><img loading=\"lazy\" decoding=\"async\" width=\"1000\" height=\"500\" class=\"gb-image gb-image-358df7e9\" src=\"https:\/\/emea.dev.technetix.com\/wp-content\/uploads\/sites\/2\/2024\/01\/9_RFoG.png\" alt=\"\" title=\"9_RFoG\" srcset=\"https:\/\/emea.dev.technetix.com\/wp-content\/uploads\/sites\/2\/2024\/01\/9_RFoG.png 1000w, https:\/\/emea.dev.technetix.com\/wp-content\/uploads\/sites\/2\/2024\/01\/9_RFoG-300x150.png 300w, https:\/\/emea.dev.technetix.com\/wp-content\/uploads\/sites\/2\/2024\/01\/9_RFoG-768x384.png 768w, https:\/\/emea.dev.technetix.com\/wp-content\/uploads\/sites\/2\/2024\/01\/9_RFoG-600x300.png 600w\" sizes=\"(max-width: 1000px) 100vw, 1000px\" \/><\/figure>\n\n<h2 class=\"gb-headline gb-headline-a02ac21e gb-headline-text\">RFoG ONUs<\/h2>\n\n<p class=\"gb-headline gb-headline-48f7875c gb-headline-text\">RFoG-kompatible Glasfaser-Technologie auf Basis optischer Breitband Kabel-Netze.<\/p>\n<\/div><\/div>\n<\/div><\/div><\/div>\n\n<div class=\"gb-grid-column gb-grid-column-00e5de0d\"><div class=\"gb-container gb-container-00e5de0d image-link-block\"><a class=\"gb-container-link\" href=\"https:\/\/emea.dev.technetix.com\/hfc-networks\/tools-accessories\/\"><\/a><div class=\"gb-inside-container\">\n<div class=\"gb-container gb-container-b4e1b571\"><div class=\"gb-inside-container\">\n<figure class=\"gb-block-image gb-block-image-13e293b2\"><img loading=\"lazy\" decoding=\"async\" width=\"1000\" height=\"500\" class=\"gb-image gb-image-13e293b2\" src=\"https:\/\/emea.dev.technetix.com\/wp-content\/uploads\/sites\/2\/2023\/07\/100_analysers.png\" alt=\"\" title=\"100_analysers\" srcset=\"https:\/\/emea.dev.technetix.com\/wp-content\/uploads\/sites\/2\/2023\/07\/100_analysers.png 1000w, https:\/\/emea.dev.technetix.com\/wp-content\/uploads\/sites\/2\/2023\/07\/100_analysers-300x150.png 300w, https:\/\/emea.dev.technetix.com\/wp-content\/uploads\/sites\/2\/2023\/07\/100_analysers-768x384.png 768w, https:\/\/emea.dev.technetix.com\/wp-content\/uploads\/sites\/2\/2023\/07\/100_analysers-600x300.png 600w\" sizes=\"(max-width: 1000px) 100vw, 1000px\" \/><\/figure>\n\n<h2 class=\"gb-headline gb-headline-3baf54ea gb-headline-text\">Werkzeuge und Zubeh\u00f6r<\/h2>\n\n<p class=\"gb-headline gb-headline-6bef324b gb-headline-text\">Alles, was Sie zur Ausstattung Ihrer Montage- und Service-Fahrzeuge ben\u00f6tigen.<\/p>\n<\/div><\/div>\n<\/div><\/div><\/div>\n\n<div class=\"gb-grid-column gb-grid-column-62b22fdc\"><div class=\"gb-container gb-container-62b22fdc image-link-block\"><a class=\"gb-container-link\" href=\"https:\/\/emea.dev.technetix.com\/de\/stromversorgungsloesungen\/lifep04-breitband-standby-batterien\/\"><\/a><div class=\"gb-inside-container\">\n<div class=\"gb-container gb-container-b1cf56db\"><div class=\"gb-inside-container\">\n<figure class=\"gb-block-image gb-block-image-d09120cb\"><img loading=\"lazy\" decoding=\"async\" width=\"1000\" height=\"500\" class=\"gb-image gb-image-d09120cb\" src=\"https:\/\/emea.dev.technetix.com\/wp-content\/uploads\/sites\/2\/2024\/01\/5000x2500px-tiles_0007_LiFePO4-36V-2.png\" alt=\"\" title=\"5000x2500px-tiles_0007_LiFePO4-36V-2\" srcset=\"https:\/\/emea.dev.technetix.com\/wp-content\/uploads\/sites\/2\/2024\/01\/5000x2500px-tiles_0007_LiFePO4-36V-2.png 1000w, https:\/\/emea.dev.technetix.com\/wp-content\/uploads\/sites\/2\/2024\/01\/5000x2500px-tiles_0007_LiFePO4-36V-2-300x150.png 300w, https:\/\/emea.dev.technetix.com\/wp-content\/uploads\/sites\/2\/2024\/01\/5000x2500px-tiles_0007_LiFePO4-36V-2-768x384.png 768w, https:\/\/emea.dev.technetix.com\/wp-content\/uploads\/sites\/2\/2024\/01\/5000x2500px-tiles_0007_LiFePO4-36V-2-600x300.png 600w\" sizes=\"(max-width: 1000px) 100vw, 1000px\" \/><\/figure>\n\n<p><\/p>\n\n<h2 class=\"gb-headline gb-headline-89830bd5 gb-headline-text\">LiFeP04 Breitband Standby-Batterien<\/h2>\n\n<p class=\"gb-headline gb-headline-15ac7675 gb-headline-text\"><\/p>\n<\/div><\/div>\n<\/div><\/div><\/div>\n<\/div>\n\n<h2 class=\"gb-headline gb-headline-7ce6fa4b gb-headline-text gb-headline-head-bottom-buttons\">N\u00fctzliche Links<\/h2>\n\n<div class=\"gb-button-wrapper gb-button-wrapper-5300c273 gb-button-wrapper-after-content-buttons\">\n<a class=\"gb-button gb-button-7f45bfec gb-button-text gb-button-bottom-button\" href=\"https:\/\/emea.dev.technetix.com\/de\/netzwerk-consulting\/\">Netzwerk-Consulting<\/a>\n\n<a class=\"gb-button gb-button-e7a0fe73 gb-button-text gb-button-bottom-button\" href=\"https:\/\/emea.dev.technetix.com\/de\/technetix-akademie\/\">Technetix Akademie<\/a>\n\n<a class=\"gb-button gb-button-5e4e6530 gb-button-text gb-button-bottom-button\" href=\"https:\/\/emea.dev.technetix.com\/de\/hfc-netzwerke\/\">Breitbandkabel<\/a>\n\n<a class=\"gb-button gb-button-74bfad52 gb-button-text gb-button-bottom-button\" href=\"https:\/\/emea.dev.technetix.com\/de\/kontakt\/\">Kontakt<\/a>\n<\/div>\n<\/div>","protected":false},"excerpt":{"rendered":"<p>Stromversorgungsl\u00f6sungen Effiziente und zuverl\u00e4ssige Stromversorgung f\u00fcr die kontinuierliche Bereitstellung von Diensten f\u00fcr alle Applikationen \u2013 auch in extremen Umgebungen. Die Auswahl beinhaltet unterbrechungsfreie Stromversorgungen (USV), regul\u00e4re Stromversorgungen, NIU\/CPE USV-Systeme, Stromversorgungen f\u00fcr kleine Zellen und nachhaltige Stromversorgungen durch NUE-L\u00f6sungen. Kundenspezifische L\u00f6sungen sind ebenfalls verf\u00fcgbar, bitte nehmen Sie dazu Kontakt mit unseren Experten auf. Netzteile Batterien N\u00fctzliche &#8230; <a title=\"Stromversorgungsl\u00f6sungen\" class=\"read-more\" href=\"https:\/\/emea.dev.technetix.com\/de\/stromversorgungsloesungen\/\" aria-label=\"Mehr zu Stromversorgungsl\u00f6sungen\">Read more<\/a><\/p>\n","protected":false},"author":21,"featured_media":0,"parent":0,"menu_order":1,"comment_status":"closed","ping_status":"closed","template":"","meta":{"_acf_changed":false,"_gspb_post_css":"","footnotes":""},"class_list":["post-432986","page","type-page","status-publish"],"yoast_head":"<!-- This site is optimized with the Yoast SEO Premium plugin v22.5 (Yoast SEO v23.7) - https:\/\/yoast.com\/wordpress\/plugins\/seo\/ -->\n<title>Stromversorgungsl\u00f6sungen - Technetix EMEA<\/title>\n<meta name=\"robots\" content=\"index, follow, max-snippet:-1, max-image-preview:large, max-video-preview:-1\" \/>\n<link rel=\"canonical\" href=\"https:\/\/emea.dev.technetix.com\/de\/stromversorgungsloesungen\/\" \/>\n<meta property=\"og:locale\" content=\"de_DE\" \/>\n<meta property=\"og:type\" content=\"article\" \/>\n<meta property=\"og:title\" content=\"Stromversorgungsl\u00f6sungen - Technetix EMEA\" \/>\n<meta property=\"og:description\" content=\"Stromversorgungsl\u00f6sungen Effiziente und zuverl\u00e4ssige Stromversorgung f\u00fcr die kontinuierliche Bereitstellung von Diensten f\u00fcr alle Applikationen \u2013 auch in extremen Umgebungen. Die Auswahl beinhaltet unterbrechungsfreie Stromversorgungen (USV), regul\u00e4re Stromversorgungen, NIU\/CPE USV-Systeme, Stromversorgungen f\u00fcr kleine Zellen und nachhaltige Stromversorgungen durch NUE-L\u00f6sungen. Kundenspezifische L\u00f6sungen sind ebenfalls verf\u00fcgbar, bitte nehmen Sie dazu Kontakt mit unseren Experten auf. Netzteile Batterien N\u00fctzliche ... Read more\" \/>\n<meta property=\"og:url\" content=\"https:\/\/emea.dev.technetix.com\/de\/stromversorgungsloesungen\/\" \/>\n<meta property=\"og:site_name\" content=\"Technetix EMEA\" \/>\n<meta property=\"article:modified_time\" content=\"2024-06-13T13:59:57+00:00\" \/>\n<meta property=\"og:image\" content=\"https:\/\/emea.dev.technetix.com\/wp-content\/uploads\/sites\/2\/2024\/04\/ASPX_PRFL_06-1.png\" \/>\n<meta name=\"twitter:card\" content=\"summary_large_image\" \/>\n<meta name=\"twitter:site\" content=\"@technetixgroup\" \/>\n<meta name=\"twitter:label1\" content=\"Gesch\u00e4tzte Lesezeit\" \/>\n\t<meta name=\"twitter:data1\" content=\"2\u00a0Minuten\" \/>\n<script type=\"application\/ld+json\" class=\"yoast-schema-graph\">{\"@context\":\"https:\/\/schema.org\",\"@graph\":[{\"@type\":\"WebPage\",\"@id\":\"https:\/\/emea.dev.technetix.com\/de\/stromversorgungsloesungen\/\",\"url\":\"https:\/\/emea.dev.technetix.com\/de\/stromversorgungsloesungen\/\",\"name\":\"Stromversorgungsl\u00f6sungen - Technetix EMEA\",\"isPartOf\":{\"@id\":\"https:\/\/emea.dev.technetix.com\/de\/#website\"},\"primaryImageOfPage\":{\"@id\":\"https:\/\/emea.dev.technetix.com\/de\/stromversorgungsloesungen\/#primaryimage\"},\"image\":{\"@id\":\"https:\/\/emea.dev.technetix.com\/de\/stromversorgungsloesungen\/#primaryimage\"},\"thumbnailUrl\":\"https:\/\/emea.dev.technetix.com\/wp-content\/uploads\/sites\/2\/2024\/04\/ASPX_PRFL_06-1.png\",\"datePublished\":\"2023-11-08T16:23:10+00:00\",\"dateModified\":\"2024-06-13T13:59:57+00:00\",\"breadcrumb\":{\"@id\":\"https:\/\/emea.dev.technetix.com\/de\/stromversorgungsloesungen\/#breadcrumb\"},\"inLanguage\":\"de\",\"potentialAction\":[{\"@type\":\"ReadAction\",\"target\":[\"https:\/\/emea.dev.technetix.com\/de\/stromversorgungsloesungen\/\"]}]},{\"@type\":\"ImageObject\",\"inLanguage\":\"de\",\"@id\":\"https:\/\/emea.dev.technetix.com\/de\/stromversorgungsloesungen\/#primaryimage\",\"url\":\"https:\/\/emea.dev.technetix.com\/wp-content\/uploads\/sites\/2\/2024\/04\/ASPX_PRFL_06-1.png\",\"contentUrl\":\"https:\/\/emea.dev.technetix.com\/wp-content\/uploads\/sites\/2\/2024\/04\/ASPX_PRFL_06-1.png\"},{\"@type\":\"BreadcrumbList\",\"@id\":\"https:\/\/emea.dev.technetix.com\/de\/stromversorgungsloesungen\/#breadcrumb\",\"itemListElement\":[{\"@type\":\"ListItem\",\"position\":1,\"name\":\"Home\",\"item\":\"https:\/\/emea.dev.technetix.com\/de\/\"},{\"@type\":\"ListItem\",\"position\":2,\"name\":\"Stromversorgungsl\u00f6sungen\"}]},{\"@type\":\"WebSite\",\"@id\":\"https:\/\/emea.dev.technetix.com\/de\/#website\",\"url\":\"https:\/\/emea.dev.technetix.com\/de\/\",\"name\":\"Technetix\",\"description\":\"Next-generation broadband equipment engineering\",\"publisher\":{\"@id\":\"https:\/\/emea.dev.technetix.com\/de\/#organization\"},\"potentialAction\":[{\"@type\":\"SearchAction\",\"target\":{\"@type\":\"EntryPoint\",\"urlTemplate\":\"https:\/\/emea.dev.technetix.com\/de\/?s={search_term_string}\"},\"query-input\":{\"@type\":\"PropertyValueSpecification\",\"valueRequired\":true,\"valueName\":\"search_term_string\"}}],\"inLanguage\":\"de\"},{\"@type\":\"Organization\",\"@id\":\"https:\/\/emea.dev.technetix.com\/de\/#organization\",\"name\":\"Technetix\",\"url\":\"https:\/\/emea.dev.technetix.com\/de\/\",\"logo\":{\"@type\":\"ImageObject\",\"inLanguage\":\"de\",\"@id\":\"https:\/\/emea.dev.technetix.com\/de\/#\/schema\/logo\/image\/\",\"url\":\"https:\/\/emea.dev.technetix.com\/wp-content\/uploads\/sites\/2\/2023\/06\/logo-Technetix-1000x1000-1.png\",\"contentUrl\":\"https:\/\/emea.dev.technetix.com\/wp-content\/uploads\/sites\/2\/2023\/06\/logo-Technetix-1000x1000-1.png\",\"width\":1000,\"height\":1000,\"caption\":\"Technetix\"},\"image\":{\"@id\":\"https:\/\/emea.dev.technetix.com\/de\/#\/schema\/logo\/image\/\"},\"sameAs\":[\"https:\/\/x.com\/technetixgroup\",\"https:\/\/www.linkedin.com\/company\/technetix\/\",\"https:\/\/www.youtube.com\/c\/Technetix-group\"]}]}<\/script>\n<!-- \/ Yoast SEO Premium plugin. -->","yoast_head_json":{"title":"Stromversorgungsl\u00f6sungen - Technetix EMEA","robots":{"index":"index","follow":"follow","max-snippet":"max-snippet:-1","max-image-preview":"max-image-preview:large","max-video-preview":"max-video-preview:-1"},"canonical":"https:\/\/emea.dev.technetix.com\/de\/stromversorgungsloesungen\/","og_locale":"de_DE","og_type":"article","og_title":"Stromversorgungsl\u00f6sungen - Technetix EMEA","og_description":"Stromversorgungsl\u00f6sungen Effiziente und zuverl\u00e4ssige Stromversorgung f\u00fcr die kontinuierliche Bereitstellung von Diensten f\u00fcr alle Applikationen \u2013 auch in extremen Umgebungen. Die Auswahl beinhaltet unterbrechungsfreie Stromversorgungen (USV), regul\u00e4re Stromversorgungen, NIU\/CPE USV-Systeme, Stromversorgungen f\u00fcr kleine Zellen und nachhaltige Stromversorgungen durch NUE-L\u00f6sungen. Kundenspezifische L\u00f6sungen sind ebenfalls verf\u00fcgbar, bitte nehmen Sie dazu Kontakt mit unseren Experten auf. Netzteile Batterien N\u00fctzliche ... Read more","og_url":"https:\/\/emea.dev.technetix.com\/de\/stromversorgungsloesungen\/","og_site_name":"Technetix EMEA","article_modified_time":"2024-06-13T13:59:57+00:00","og_image":[{"url":"https:\/\/emea.dev.technetix.com\/wp-content\/uploads\/sites\/2\/2024\/04\/ASPX_PRFL_06-1.png"}],"twitter_card":"summary_large_image","twitter_site":"@technetixgroup","twitter_misc":{"Gesch\u00e4tzte Lesezeit":"2\u00a0Minuten"},"schema":{"@context":"https:\/\/schema.org","@graph":[{"@type":"WebPage","@id":"https:\/\/emea.dev.technetix.com\/de\/stromversorgungsloesungen\/","url":"https:\/\/emea.dev.technetix.com\/de\/stromversorgungsloesungen\/","name":"Stromversorgungsl\u00f6sungen - Technetix EMEA","isPartOf":{"@id":"https:\/\/emea.dev.technetix.com\/de\/#website"},"primaryImageOfPage":{"@id":"https:\/\/emea.dev.technetix.com\/de\/stromversorgungsloesungen\/#primaryimage"},"image":{"@id":"https:\/\/emea.dev.technetix.com\/de\/stromversorgungsloesungen\/#primaryimage"},"thumbnailUrl":"https:\/\/emea.dev.technetix.com\/wp-content\/uploads\/sites\/2\/2024\/04\/ASPX_PRFL_06-1.png","datePublished":"2023-11-08T16:23:10+00:00","dateModified":"2024-06-13T13:59:57+00:00","breadcrumb":{"@id":"https:\/\/emea.dev.technetix.com\/de\/stromversorgungsloesungen\/#breadcrumb"},"inLanguage":"de","potentialAction":[{"@type":"ReadAction","target":["https:\/\/emea.dev.technetix.com\/de\/stromversorgungsloesungen\/"]}]},{"@type":"ImageObject","inLanguage":"de","@id":"https:\/\/emea.dev.technetix.com\/de\/stromversorgungsloesungen\/#primaryimage","url":"https:\/\/emea.dev.technetix.com\/wp-content\/uploads\/sites\/2\/2024\/04\/ASPX_PRFL_06-1.png","contentUrl":"https:\/\/emea.dev.technetix.com\/wp-content\/uploads\/sites\/2\/2024\/04\/ASPX_PRFL_06-1.png"},{"@type":"BreadcrumbList","@id":"https:\/\/emea.dev.technetix.com\/de\/stromversorgungsloesungen\/#breadcrumb","itemListElement":[{"@type":"ListItem","position":1,"name":"Home","item":"https:\/\/emea.dev.technetix.com\/de\/"},{"@type":"ListItem","position":2,"name":"Stromversorgungsl\u00f6sungen"}]},{"@type":"WebSite","@id":"https:\/\/emea.dev.technetix.com\/de\/#website","url":"https:\/\/emea.dev.technetix.com\/de\/","name":"Technetix","description":"Next-generation broadband equipment engineering","publisher":{"@id":"https:\/\/emea.dev.technetix.com\/de\/#organization"},"potentialAction":[{"@type":"SearchAction","target":{"@type":"EntryPoint","urlTemplate":"https:\/\/emea.dev.technetix.com\/de\/?s={search_term_string}"},"query-input":{"@type":"PropertyValueSpecification","valueRequired":true,"valueName":"search_term_string"}}],"inLanguage":"de"},{"@type":"Organization","@id":"https:\/\/emea.dev.technetix.com\/de\/#organization","name":"Technetix","url":"https:\/\/emea.dev.technetix.com\/de\/","logo":{"@type":"ImageObject","inLanguage":"de","@id":"https:\/\/emea.dev.technetix.com\/de\/#\/schema\/logo\/image\/","url":"https:\/\/emea.dev.technetix.com\/wp-content\/uploads\/sites\/2\/2023\/06\/logo-Technetix-1000x1000-1.png","contentUrl":"https:\/\/emea.dev.technetix.com\/wp-content\/uploads\/sites\/2\/2023\/06\/logo-Technetix-1000x1000-1.png","width":1000,"height":1000,"caption":"Technetix"},"image":{"@id":"https:\/\/emea.dev.technetix.com\/de\/#\/schema\/logo\/image\/"},"sameAs":["https:\/\/x.com\/technetixgroup","https:\/\/www.linkedin.com\/company\/technetix\/","https:\/\/www.youtube.com\/c\/Technetix-group"]}]}},"acf":[],"publishpress_future_workflow_manual_trigger":{"enabledWorkflows":[]},"_links":{"self":[{"href":"https:\/\/emea.dev.technetix.com\/de\/wp-json\/wp\/v2\/pages\/432986"}],"collection":[{"href":"https:\/\/emea.dev.technetix.com\/de\/wp-json\/wp\/v2\/pages"}],"about":[{"href":"https:\/\/emea.dev.technetix.com\/de\/wp-json\/wp\/v2\/types\/page"}],"author":[{"embeddable":true,"href":"https:\/\/emea.dev.technetix.com\/de\/wp-json\/wp\/v2\/users\/21"}],"replies":[{"embeddable":true,"href":"https:\/\/emea.dev.technetix.com\/de\/wp-json\/wp\/v2\/comments?post=432986"}],"version-history":[{"count":8,"href":"https:\/\/emea.dev.technetix.com\/de\/wp-json\/wp\/v2\/pages\/432986\/revisions"}],"predecessor-version":[{"id":437449,"href":"https:\/\/emea.dev.technetix.com\/de\/wp-json\/wp\/v2\/pages\/432986\/revisions\/437449"}],"wp:attachment":[{"href":"https:\/\/emea.dev.technetix.com\/de\/wp-json\/wp\/v2\/media?parent=432986"}],"curies":[{"name":"wp","href":"https:\/\/api.w.org\/{rel}","templated":true}]}}