{"id":415955,"date":"2023-11-13T11:43:08","date_gmt":"2023-11-13T11:43:08","guid":{"rendered":"https:\/\/emea.dev.technetix.com\/fttx-netzwerke\/dosen-fuer-die-glasfaserterminierung-in-grossen-mehrfamilienhaeusern\/ftb-max\/"},"modified":"2024-05-29T15:22:48","modified_gmt":"2024-05-29T15:22:48","slug":"ftb-max","status":"publish","type":"page","link":"https:\/\/emea.dev.technetix.com\/de\/fttx-netzwerke\/dosen-fuer-die-glasfaserterminierung-in-grossen-mehrfamilienhaeusern\/ftb-max\/","title":{"rendered":"FTB Max"},"content":{"rendered":"<div class=\"gb-container gb-container-a2efb66f gb-container-wide-back-page-con\" id=\"content\">\n<div class=\"gb-grid-wrapper gb-grid-wrapper-5efcc144\">\n<div class=\"gb-grid-column gb-grid-column-6e2f42ae\"><div class=\"gb-container gb-container-6e2f42ae\" id=\"image-col\"><div class=\"gb-inside-container\">\n<figure class=\"gb-block-image gb-block-image-61e35e7d\"><img loading=\"lazy\" decoding=\"async\" width=\"1000\" height=\"1000\" class=\"gb-image gb-image-61e35e7d\" src=\"https:\/\/emea.dev.technetix.com\/wp-content\/uploads\/sites\/2\/2023\/11\/19013271_GF-HUEP-MAX_PRFL_04.png\" alt=\"\" title=\"19013271_GF-HUEP-MAX_PRFL_04\" srcset=\"https:\/\/emea.dev.technetix.com\/wp-content\/uploads\/sites\/2\/2023\/11\/19013271_GF-HUEP-MAX_PRFL_04.png 1000w, https:\/\/emea.dev.technetix.com\/wp-content\/uploads\/sites\/2\/2023\/11\/19013271_GF-HUEP-MAX_PRFL_04-300x300.png 300w, https:\/\/emea.dev.technetix.com\/wp-content\/uploads\/sites\/2\/2023\/11\/19013271_GF-HUEP-MAX_PRFL_04-150x150.png 150w, https:\/\/emea.dev.technetix.com\/wp-content\/uploads\/sites\/2\/2023\/11\/19013271_GF-HUEP-MAX_PRFL_04-768x768.png 768w, https:\/\/emea.dev.technetix.com\/wp-content\/uploads\/sites\/2\/2023\/11\/19013271_GF-HUEP-MAX_PRFL_04-600x600.png 600w, https:\/\/emea.dev.technetix.com\/wp-content\/uploads\/sites\/2\/2023\/11\/19013271_GF-HUEP-MAX_PRFL_04-100x100.png 100w\" sizes=\"(max-width: 1000px) 100vw, 1000px\" \/><\/figure>\n<\/div><\/div><\/div>\n\n<div class=\"gb-grid-column gb-grid-column-cb46cc96\"><div class=\"gb-container gb-container-cb46cc96\" id=\"content-col\"><div class=\"gb-inside-container\">\n<h2 class=\"wp-block-heading\" id=\"h-ftb-max-for-mass-deployment-in-residential-units-terminates-168-fibers-in-a-compact-design\">FTB MAX f\u00fcr den Masseneinsatz in Wohneinheiten \u2013 terminiert 168 Glasfasern in einem kompakten Design.<\/h2>\n\n<p>Einfache Wandmontage und Zugangsschutz sind relevante Parameter. Mit der Glasfaseranschluss-dose (FTB) MAX wurde der Montageaufwand erheblich verringert. Diese gut durchdachte L\u00f6sung bietet eine lange Lebensdauer sowie einen maximalen Investitionsschutz. Die FTB MAX kann in unterschiedlichen FTTH-Topologien eingesetzt werden und ist durch ihre Flexibilit\u00e4t sowohl f\u00fcr Verteiler, Patches als auch Splei\u00dfe nutzbar. 168 Glasfasern werden in einem kompakten Design terminiert. Davon werden 24 Glasfasern direkt in der Basis gesplei\u00dft, die weiteren Glasfasern in Kassetten. Alternativ kann die MAX auch als reine Splei\u00dfverteilerdose genutzt werden.    <\/p>\n\n<div style=\"height:10px\" aria-hidden=\"true\" class=\"wp-block-spacer\"><\/div>\n\n<figure class=\"wp-block-video\"><video autoplay=\"\" controls=\"\" src=\"https:\/\/emea.dev.technetix.com\/wp-content\/uploads\/sites\/2\/2024\/05\/24THX_connect_v20.mp4\"><\/video><\/figure>\n\n<div style=\"height:10px\" aria-hidden=\"true\" class=\"wp-block-spacer\"><\/div>\n\n<ul class=\"wp-block-list\"><li>168x Crimpspleisshalter<\/li>\n\n<li>4x Halter f\u00fcr PCL-Splitter<\/li>\n\n<li>2x 12 Kopplungen per ausfaltbarer Kassette (48x LC)<\/li>\n\n<li>4x flexible, teilbare Dichtungssets f\u00fcr 2 \u2013 10 mm \u00d8<\/li>\n\n<li>Aufsteckbare und entfernbare Abdeckung<\/li><\/ul>\n<\/div><\/div><\/div>\n<\/div>\n<\/div><div class=\"gb-container gb-container-e4a86c09 gb-container-con-buttons-bottom\">\n<h2 class=\"gb-headline gb-headline-7ce6fa4b gb-headline-text gb-headline-head-bottom-buttons\">N\u00fctzliche Links<\/h2>\n\n<div class=\"gb-button-wrapper gb-button-wrapper-5300c273 gb-button-wrapper-after-con-buttons\">\n<a class=\"gb-button gb-button-05cfd9f1 gb-button-text gb-button-bottom-button\" href=\"https:\/\/emea.dev.technetix.com\/wp-content\/uploads\/sites\/2\/2024\/01\/19013271_FTB-MAX_V3_DS_EN.pdf\" target=\"_blank\" rel=\"noopener noreferrer\">Datenblatt<\/a>\n\n<a class=\"gb-button gb-button-f14463ae gb-button-text gb-button-bottom-button\" href=\"https:\/\/emea.dev.technetix.com\/wp-content\/uploads\/sites\/2\/2023\/12\/FIBER-PASSIVES_V1L_BRC_AE-1.pdf\" target=\"_blank\" rel=\"noopener noreferrer\">Brosch\u00fcre<\/a>\n\n<a class=\"gb-button gb-button-74bfad52 gb-button-text gb-button-bottom-button\" href=\"https:\/\/emea.dev.technetix.com\/de\/kontakt\/\">Kontakt<\/a>\n<\/div>\n<\/div>","protected":false},"excerpt":{"rendered":"<p>N\u00fctzliche Links<\/p>\n","protected":false},"author":3,"featured_media":0,"parent":415935,"menu_order":0,"comment_status":"closed","ping_status":"closed","template":"","meta":{"_acf_changed":false,"_gspb_post_css":"","footnotes":""},"class_list":["post-415955","page","type-page","status-publish"],"yoast_head":"<!-- This site is optimized with the Yoast SEO Premium plugin v22.5 (Yoast SEO v23.7) - https:\/\/yoast.com\/wordpress\/plugins\/seo\/ -->\n<title>FTB Max - Technetix EMEA<\/title>\n<meta name=\"robots\" content=\"index, follow, max-snippet:-1, max-image-preview:large, max-video-preview:-1\" \/>\n<link rel=\"canonical\" href=\"https:\/\/emea.dev.technetix.com\/de\/fttx-netzwerke\/dosen-fuer-die-glasfaserterminierung-in-grossen-mehrfamilienhaeusern\/ftb-max\/\" \/>\n<meta property=\"og:locale\" content=\"de_DE\" \/>\n<meta property=\"og:type\" content=\"article\" \/>\n<meta property=\"og:title\" content=\"FTB Max - Technetix EMEA\" \/>\n<meta property=\"og:description\" content=\"N\u00fctzliche Links\" \/>\n<meta property=\"og:url\" content=\"https:\/\/emea.dev.technetix.com\/de\/fttx-netzwerke\/dosen-fuer-die-glasfaserterminierung-in-grossen-mehrfamilienhaeusern\/ftb-max\/\" \/>\n<meta property=\"og:site_name\" content=\"Technetix EMEA\" \/>\n<meta property=\"article:modified_time\" content=\"2024-05-29T15:22:48+00:00\" \/>\n<meta property=\"og:image\" content=\"https:\/\/emea.dev.technetix.com\/wp-content\/uploads\/sites\/2\/2023\/11\/19013271_GF-HUEP-MAX_PRFL_04.png\" \/>\n<meta name=\"twitter:card\" content=\"summary_large_image\" \/>\n<meta name=\"twitter:site\" content=\"@technetixgroup\" \/>\n<meta name=\"twitter:label1\" content=\"Gesch\u00e4tzte Lesezeit\" \/>\n\t<meta name=\"twitter:data1\" content=\"1\u00a0Minute\" \/>\n<script type=\"application\/ld+json\" class=\"yoast-schema-graph\">{\"@context\":\"https:\/\/schema.org\",\"@graph\":[{\"@type\":\"WebPage\",\"@id\":\"https:\/\/emea.dev.technetix.com\/de\/fttx-netzwerke\/dosen-fuer-die-glasfaserterminierung-in-grossen-mehrfamilienhaeusern\/ftb-max\/\",\"url\":\"https:\/\/emea.dev.technetix.com\/de\/fttx-netzwerke\/dosen-fuer-die-glasfaserterminierung-in-grossen-mehrfamilienhaeusern\/ftb-max\/\",\"name\":\"FTB Max - Technetix EMEA\",\"isPartOf\":{\"@id\":\"https:\/\/emea.dev.technetix.com\/de\/#website\"},\"primaryImageOfPage\":{\"@id\":\"https:\/\/emea.dev.technetix.com\/de\/fttx-netzwerke\/dosen-fuer-die-glasfaserterminierung-in-grossen-mehrfamilienhaeusern\/ftb-max\/#primaryimage\"},\"image\":{\"@id\":\"https:\/\/emea.dev.technetix.com\/de\/fttx-netzwerke\/dosen-fuer-die-glasfaserterminierung-in-grossen-mehrfamilienhaeusern\/ftb-max\/#primaryimage\"},\"thumbnailUrl\":\"https:\/\/emea.dev.technetix.com\/wp-content\/uploads\/sites\/2\/2023\/11\/19013271_GF-HUEP-MAX_PRFL_04.png\",\"datePublished\":\"2023-11-13T11:43:08+00:00\",\"dateModified\":\"2024-05-29T15:22:48+00:00\",\"breadcrumb\":{\"@id\":\"https:\/\/emea.dev.technetix.com\/de\/fttx-netzwerke\/dosen-fuer-die-glasfaserterminierung-in-grossen-mehrfamilienhaeusern\/ftb-max\/#breadcrumb\"},\"inLanguage\":\"de\",\"potentialAction\":[{\"@type\":\"ReadAction\",\"target\":[\"https:\/\/emea.dev.technetix.com\/de\/fttx-netzwerke\/dosen-fuer-die-glasfaserterminierung-in-grossen-mehrfamilienhaeusern\/ftb-max\/\"]}]},{\"@type\":\"ImageObject\",\"inLanguage\":\"de\",\"@id\":\"https:\/\/emea.dev.technetix.com\/de\/fttx-netzwerke\/dosen-fuer-die-glasfaserterminierung-in-grossen-mehrfamilienhaeusern\/ftb-max\/#primaryimage\",\"url\":\"https:\/\/emea.dev.technetix.com\/wp-content\/uploads\/sites\/2\/2023\/11\/19013271_GF-HUEP-MAX_PRFL_04.png\",\"contentUrl\":\"https:\/\/emea.dev.technetix.com\/wp-content\/uploads\/sites\/2\/2023\/11\/19013271_GF-HUEP-MAX_PRFL_04.png\"},{\"@type\":\"BreadcrumbList\",\"@id\":\"https:\/\/emea.dev.technetix.com\/de\/fttx-netzwerke\/dosen-fuer-die-glasfaserterminierung-in-grossen-mehrfamilienhaeusern\/ftb-max\/#breadcrumb\",\"itemListElement\":[{\"@type\":\"ListItem\",\"position\":1,\"name\":\"Home\",\"item\":\"https:\/\/emea.dev.technetix.com\/de\/\"},{\"@type\":\"ListItem\",\"position\":2,\"name\":\"Fiber network\",\"item\":\"https:\/\/emea.dev.technetix.com\/de\/fttx-netzwerke\/\"},{\"@type\":\"ListItem\",\"position\":3,\"name\":\"Dosen f\u00fcr die Glasfaserterminierung in gro\u00dfen Mehrfamilienh\u00e4usern\",\"item\":\"https:\/\/emea.dev.technetix.com\/de\/fttx-netzwerke\/dosen-fuer-die-glasfaserterminierung-in-grossen-mehrfamilienhaeusern\/\"},{\"@type\":\"ListItem\",\"position\":4,\"name\":\"FTB Max\"}]},{\"@type\":\"WebSite\",\"@id\":\"https:\/\/emea.dev.technetix.com\/de\/#website\",\"url\":\"https:\/\/emea.dev.technetix.com\/de\/\",\"name\":\"Technetix\",\"description\":\"Next-generation broadband equipment engineering\",\"publisher\":{\"@id\":\"https:\/\/emea.dev.technetix.com\/de\/#organization\"},\"potentialAction\":[{\"@type\":\"SearchAction\",\"target\":{\"@type\":\"EntryPoint\",\"urlTemplate\":\"https:\/\/emea.dev.technetix.com\/de\/?s={search_term_string}\"},\"query-input\":{\"@type\":\"PropertyValueSpecification\",\"valueRequired\":true,\"valueName\":\"search_term_string\"}}],\"inLanguage\":\"de\"},{\"@type\":\"Organization\",\"@id\":\"https:\/\/emea.dev.technetix.com\/de\/#organization\",\"name\":\"Technetix\",\"url\":\"https:\/\/emea.dev.technetix.com\/de\/\",\"logo\":{\"@type\":\"ImageObject\",\"inLanguage\":\"de\",\"@id\":\"https:\/\/emea.dev.technetix.com\/de\/#\/schema\/logo\/image\/\",\"url\":\"https:\/\/emea.dev.technetix.com\/wp-content\/uploads\/sites\/2\/2023\/06\/logo-Technetix-1000x1000-1.png\",\"contentUrl\":\"https:\/\/emea.dev.technetix.com\/wp-content\/uploads\/sites\/2\/2023\/06\/logo-Technetix-1000x1000-1.png\",\"width\":1000,\"height\":1000,\"caption\":\"Technetix\"},\"image\":{\"@id\":\"https:\/\/emea.dev.technetix.com\/de\/#\/schema\/logo\/image\/\"},\"sameAs\":[\"https:\/\/x.com\/technetixgroup\",\"https:\/\/www.linkedin.com\/company\/technetix\/\",\"https:\/\/www.youtube.com\/c\/Technetix-group\"]}]}<\/script>\n<!-- \/ Yoast SEO Premium plugin. -->","yoast_head_json":{"title":"FTB Max - Technetix EMEA","robots":{"index":"index","follow":"follow","max-snippet":"max-snippet:-1","max-image-preview":"max-image-preview:large","max-video-preview":"max-video-preview:-1"},"canonical":"https:\/\/emea.dev.technetix.com\/de\/fttx-netzwerke\/dosen-fuer-die-glasfaserterminierung-in-grossen-mehrfamilienhaeusern\/ftb-max\/","og_locale":"de_DE","og_type":"article","og_title":"FTB Max - Technetix EMEA","og_description":"N\u00fctzliche Links","og_url":"https:\/\/emea.dev.technetix.com\/de\/fttx-netzwerke\/dosen-fuer-die-glasfaserterminierung-in-grossen-mehrfamilienhaeusern\/ftb-max\/","og_site_name":"Technetix EMEA","article_modified_time":"2024-05-29T15:22:48+00:00","og_image":[{"url":"https:\/\/emea.dev.technetix.com\/wp-content\/uploads\/sites\/2\/2023\/11\/19013271_GF-HUEP-MAX_PRFL_04.png"}],"twitter_card":"summary_large_image","twitter_site":"@technetixgroup","twitter_misc":{"Gesch\u00e4tzte Lesezeit":"1\u00a0Minute"},"schema":{"@context":"https:\/\/schema.org","@graph":[{"@type":"WebPage","@id":"https:\/\/emea.dev.technetix.com\/de\/fttx-netzwerke\/dosen-fuer-die-glasfaserterminierung-in-grossen-mehrfamilienhaeusern\/ftb-max\/","url":"https:\/\/emea.dev.technetix.com\/de\/fttx-netzwerke\/dosen-fuer-die-glasfaserterminierung-in-grossen-mehrfamilienhaeusern\/ftb-max\/","name":"FTB Max - Technetix EMEA","isPartOf":{"@id":"https:\/\/emea.dev.technetix.com\/de\/#website"},"primaryImageOfPage":{"@id":"https:\/\/emea.dev.technetix.com\/de\/fttx-netzwerke\/dosen-fuer-die-glasfaserterminierung-in-grossen-mehrfamilienhaeusern\/ftb-max\/#primaryimage"},"image":{"@id":"https:\/\/emea.dev.technetix.com\/de\/fttx-netzwerke\/dosen-fuer-die-glasfaserterminierung-in-grossen-mehrfamilienhaeusern\/ftb-max\/#primaryimage"},"thumbnailUrl":"https:\/\/emea.dev.technetix.com\/wp-content\/uploads\/sites\/2\/2023\/11\/19013271_GF-HUEP-MAX_PRFL_04.png","datePublished":"2023-11-13T11:43:08+00:00","dateModified":"2024-05-29T15:22:48+00:00","breadcrumb":{"@id":"https:\/\/emea.dev.technetix.com\/de\/fttx-netzwerke\/dosen-fuer-die-glasfaserterminierung-in-grossen-mehrfamilienhaeusern\/ftb-max\/#breadcrumb"},"inLanguage":"de","potentialAction":[{"@type":"ReadAction","target":["https:\/\/emea.dev.technetix.com\/de\/fttx-netzwerke\/dosen-fuer-die-glasfaserterminierung-in-grossen-mehrfamilienhaeusern\/ftb-max\/"]}]},{"@type":"ImageObject","inLanguage":"de","@id":"https:\/\/emea.dev.technetix.com\/de\/fttx-netzwerke\/dosen-fuer-die-glasfaserterminierung-in-grossen-mehrfamilienhaeusern\/ftb-max\/#primaryimage","url":"https:\/\/emea.dev.technetix.com\/wp-content\/uploads\/sites\/2\/2023\/11\/19013271_GF-HUEP-MAX_PRFL_04.png","contentUrl":"https:\/\/emea.dev.technetix.com\/wp-content\/uploads\/sites\/2\/2023\/11\/19013271_GF-HUEP-MAX_PRFL_04.png"},{"@type":"BreadcrumbList","@id":"https:\/\/emea.dev.technetix.com\/de\/fttx-netzwerke\/dosen-fuer-die-glasfaserterminierung-in-grossen-mehrfamilienhaeusern\/ftb-max\/#breadcrumb","itemListElement":[{"@type":"ListItem","position":1,"name":"Home","item":"https:\/\/emea.dev.technetix.com\/de\/"},{"@type":"ListItem","position":2,"name":"Fiber network","item":"https:\/\/emea.dev.technetix.com\/de\/fttx-netzwerke\/"},{"@type":"ListItem","position":3,"name":"Dosen f\u00fcr die Glasfaserterminierung in gro\u00dfen Mehrfamilienh\u00e4usern","item":"https:\/\/emea.dev.technetix.com\/de\/fttx-netzwerke\/dosen-fuer-die-glasfaserterminierung-in-grossen-mehrfamilienhaeusern\/"},{"@type":"ListItem","position":4,"name":"FTB Max"}]},{"@type":"WebSite","@id":"https:\/\/emea.dev.technetix.com\/de\/#website","url":"https:\/\/emea.dev.technetix.com\/de\/","name":"Technetix","description":"Next-generation broadband equipment engineering","publisher":{"@id":"https:\/\/emea.dev.technetix.com\/de\/#organization"},"potentialAction":[{"@type":"SearchAction","target":{"@type":"EntryPoint","urlTemplate":"https:\/\/emea.dev.technetix.com\/de\/?s={search_term_string}"},"query-input":{"@type":"PropertyValueSpecification","valueRequired":true,"valueName":"search_term_string"}}],"inLanguage":"de"},{"@type":"Organization","@id":"https:\/\/emea.dev.technetix.com\/de\/#organization","name":"Technetix","url":"https:\/\/emea.dev.technetix.com\/de\/","logo":{"@type":"ImageObject","inLanguage":"de","@id":"https:\/\/emea.dev.technetix.com\/de\/#\/schema\/logo\/image\/","url":"https:\/\/emea.dev.technetix.com\/wp-content\/uploads\/sites\/2\/2023\/06\/logo-Technetix-1000x1000-1.png","contentUrl":"https:\/\/emea.dev.technetix.com\/wp-content\/uploads\/sites\/2\/2023\/06\/logo-Technetix-1000x1000-1.png","width":1000,"height":1000,"caption":"Technetix"},"image":{"@id":"https:\/\/emea.dev.technetix.com\/de\/#\/schema\/logo\/image\/"},"sameAs":["https:\/\/x.com\/technetixgroup","https:\/\/www.linkedin.com\/company\/technetix\/","https:\/\/www.youtube.com\/c\/Technetix-group"]}]}},"acf":[],"publishpress_future_workflow_manual_trigger":{"enabledWorkflows":[]},"_links":{"self":[{"href":"https:\/\/emea.dev.technetix.com\/de\/wp-json\/wp\/v2\/pages\/415955"}],"collection":[{"href":"https:\/\/emea.dev.technetix.com\/de\/wp-json\/wp\/v2\/pages"}],"about":[{"href":"https:\/\/emea.dev.technetix.com\/de\/wp-json\/wp\/v2\/types\/page"}],"author":[{"embeddable":true,"href":"https:\/\/emea.dev.technetix.com\/de\/wp-json\/wp\/v2\/users\/3"}],"replies":[{"embeddable":true,"href":"https:\/\/emea.dev.technetix.com\/de\/wp-json\/wp\/v2\/comments?post=415955"}],"version-history":[{"count":1,"href":"https:\/\/emea.dev.technetix.com\/de\/wp-json\/wp\/v2\/pages\/415955\/revisions"}],"predecessor-version":[{"id":415956,"href":"https:\/\/emea.dev.technetix.com\/de\/wp-json\/wp\/v2\/pages\/415955\/revisions\/415956"}],"up":[{"embeddable":true,"href":"https:\/\/emea.dev.technetix.com\/de\/wp-json\/wp\/v2\/pages\/415935"}],"wp:attachment":[{"href":"https:\/\/emea.dev.technetix.com\/de\/wp-json\/wp\/v2\/media?parent=415955"}],"curies":[{"name":"wp","href":"https:\/\/api.w.org\/{rel}","templated":true}]}}