{"id":397406,"date":"2023-11-08T11:12:49","date_gmt":"2023-11-08T11:12:49","guid":{"rendered":"https:\/\/emea.dev.technetix.com\/fttx-netzwerke\/fiber-acess-terminals\/supertap-hardened-connector-feed-drop-cables-for-multiport-flexible-service-terminals-lb-fd\/"},"modified":"2024-05-16T11:36:04","modified_gmt":"2024-05-16T11:36:04","slug":"supertap-hardened-connector-feed-drop-cables-for-multiport-flexible-service-terminals-lb-fd","status":"publish","type":"page","link":"https:\/\/emea.dev.technetix.com\/de\/fttx-netzwerke\/fiber-acess-terminals\/supertap-hardened-connector-feed-drop-cables-for-multiport-flexible-service-terminals-lb-fd\/","title":{"rendered":"SuperTap\u00ae Zuf\u00fchrungs- &amp; Verbindungskabel mit robustem Steckverbinder f\u00fcr Multiport &amp; Flexible Service-Terminals (LB-FD)"},"content":{"rendered":"<div class=\"gb-container gb-container-a2efb66f gb-container-wide-back-page-con\" id=\"content\">\n<div class=\"gb-grid-wrapper gb-grid-wrapper-5efcc144\">\n<div class=\"gb-grid-column gb-grid-column-6e2f42ae\"><div class=\"gb-container gb-container-6e2f42ae\" id=\"image-col\"><div class=\"gb-inside-container\">\n<figure class=\"gb-block-image gb-block-image-61e35e7d\"><img loading=\"lazy\" decoding=\"async\" width=\"1000\" height=\"1000\" class=\"gb-image gb-image-61e35e7d\" src=\"https:\/\/emea.dev.technetix.com\/wp-content\/uploads\/sites\/2\/2023\/11\/00000000_LB-FD-X-ST_PRFL_01.png\" alt=\"\" title=\"00000000_LB-FD-X-ST_PRFL_01\" srcset=\"https:\/\/emea.dev.technetix.com\/wp-content\/uploads\/sites\/2\/2023\/11\/00000000_LB-FD-X-ST_PRFL_01.png 1000w, https:\/\/emea.dev.technetix.com\/wp-content\/uploads\/sites\/2\/2023\/11\/00000000_LB-FD-X-ST_PRFL_01-300x300.png 300w, https:\/\/emea.dev.technetix.com\/wp-content\/uploads\/sites\/2\/2023\/11\/00000000_LB-FD-X-ST_PRFL_01-150x150.png 150w, https:\/\/emea.dev.technetix.com\/wp-content\/uploads\/sites\/2\/2023\/11\/00000000_LB-FD-X-ST_PRFL_01-768x768.png 768w, https:\/\/emea.dev.technetix.com\/wp-content\/uploads\/sites\/2\/2023\/11\/00000000_LB-FD-X-ST_PRFL_01-600x600.png 600w, https:\/\/emea.dev.technetix.com\/wp-content\/uploads\/sites\/2\/2023\/11\/00000000_LB-FD-X-ST_PRFL_01-100x100.png 100w\" sizes=\"(max-width: 1000px) 100vw, 1000px\" \/><\/figure>\n<\/div><\/div><\/div>\n\n<div class=\"gb-grid-column gb-grid-column-cb46cc96\"><div class=\"gb-container gb-container-cb46cc96\" id=\"content-col\"><div class=\"gb-inside-container\">\n<h2 class=\"gb-headline gb-headline-d02c52e4 gb-headline-text\">SuperTap\u00ae Zuf\u00fchrungs- &amp; Verbindungskabel mit robustem Steckverbinder f\u00fcr Multiport &amp; Flexible Service-Terminals (LB-FD)<\/h2>\n\n<p>Die vorkonfektionierten OSP-Kabel ( Outside Plant- Kabel ) erm\u00f6glichen eine einfache FTTx-Installation. Das robuste Verbindungskabel ist eine einzelne Drop- Glasfaser und bietet eine schnelle Verbindung zu den Splittern sowie zu den klassischen OSP-Terminals. Das 5,0 mm Runde- LSZH-Glasfaserkabel ist mit einem universellen austauschbaren Steckverbinder ausgestattet und ist somit flexibel und kosteneffizient. Die Kabel sind mit drei Stecker- Adaptertypen verf\u00fcgbar: einem Standard SC\/APC-Adapter, einem Typ Corning\u00ae OptiTap\u00ae sowie einem Typ Huawei\u00ae Fiber Access Terminal.   <\/p>\n\n<ul class=\"wp-block-list\"><li>Verf\u00fcgbar mit ein- oder beidseitigem Steckverbinder, auch hybriden Steckverbindungen ( SC -OptiTap) konfektionierbar.<\/li>\n\n<li>Zwei Kabeloptionen zur Auswahl: flaches PE-Kabel oder rundes LSZH-Kabel<\/li>\n\n<li>Integrierte Zug\u00f6se\/<\/li>\n\n<li>Steckverbinderkappe f\u00fcr bis zu 100 lb Zugkraft<\/li>\n\n<li>Verlege Eigenschaft f\u00fcr Freiland, direkt Erd- oder Rohrinstallation<\/li><\/ul>\n<\/div><\/div><\/div>\n<\/div>\n<\/div><div class=\"gb-container gb-container-dbeed0b8 gb-container-con-buttons-bottom\">\n<h2 class=\"gb-headline gb-headline-7ce6fa4b gb-headline-text gb-headline-head-bottom-buttons\">N\u00fctzliche Links<\/h2>\n\n<div class=\"gb-button-wrapper gb-button-wrapper-5300c273 gb-button-wrapper-after-con-buttons\">\n<a class=\"gb-button gb-button-3eadfa91 gb-button-text gb-button-bottom-button\" href=\"https:\/\/emea.dev.technetix.com\/wp-content\/uploads\/sites\/2\/2023\/11\/LB_FD_Series_V1_DS_EN.pdf\" target=\"_blank\" rel=\"noopener noreferrer\">Datenblatt<\/a>\n\n<a class=\"gb-button gb-button-74bfad52 gb-button-text gb-button-bottom-button\" href=\"https:\/\/emea.dev.technetix.com\/de\/kontakt\/\">Kontakt<\/a>\n<\/div>\n<\/div>","protected":false},"excerpt":{"rendered":"<p>N\u00fctzliche Links<\/p>\n","protected":false},"author":21,"featured_media":0,"parent":394596,"menu_order":0,"comment_status":"closed","ping_status":"closed","template":"","meta":{"_acf_changed":false,"_gspb_post_css":"","footnotes":""},"class_list":["post-397406","page","type-page","status-publish"],"yoast_head":"<!-- This site is optimized with the Yoast SEO Premium plugin v22.5 (Yoast SEO v23.7) - https:\/\/yoast.com\/wordpress\/plugins\/seo\/ -->\n<title>SuperTap\u00ae Zuf\u00fchrungs- &amp; Verbindungskabel mit robustem Steckverbinder f\u00fcr Multiport &amp; Flexible Service-Terminals (LB-FD) - Technetix EMEA<\/title>\n<meta name=\"robots\" content=\"index, follow, max-snippet:-1, max-image-preview:large, max-video-preview:-1\" \/>\n<link rel=\"canonical\" href=\"https:\/\/emea.dev.technetix.com\/de\/fttx-netzwerke\/fiber-acess-terminals\/supertap-hardened-connector-feed-drop-cables-for-multiport-flexible-service-terminals-lb-fd\/\" \/>\n<meta property=\"og:locale\" content=\"de_DE\" \/>\n<meta property=\"og:type\" content=\"article\" \/>\n<meta property=\"og:title\" content=\"SuperTap\u00ae Zuf\u00fchrungs- &amp; Verbindungskabel mit robustem Steckverbinder f\u00fcr Multiport &amp; Flexible Service-Terminals (LB-FD) - Technetix EMEA\" \/>\n<meta property=\"og:description\" content=\"N\u00fctzliche Links\" \/>\n<meta property=\"og:url\" content=\"https:\/\/emea.dev.technetix.com\/de\/fttx-netzwerke\/fiber-acess-terminals\/supertap-hardened-connector-feed-drop-cables-for-multiport-flexible-service-terminals-lb-fd\/\" \/>\n<meta property=\"og:site_name\" content=\"Technetix EMEA\" \/>\n<meta property=\"article:modified_time\" content=\"2024-05-16T11:36:04+00:00\" \/>\n<meta property=\"og:image\" content=\"https:\/\/emea.dev.technetix.com\/wp-content\/uploads\/sites\/2\/2023\/11\/00000000_LB-FD-X-ST_PRFL_01.png\" \/>\n<meta name=\"twitter:card\" content=\"summary_large_image\" \/>\n<meta name=\"twitter:site\" content=\"@technetixgroup\" \/>\n<meta name=\"twitter:label1\" content=\"Gesch\u00e4tzte Lesezeit\" \/>\n\t<meta name=\"twitter:data1\" content=\"1\u00a0Minute\" \/>\n<script type=\"application\/ld+json\" class=\"yoast-schema-graph\">{\"@context\":\"https:\/\/schema.org\",\"@graph\":[{\"@type\":\"WebPage\",\"@id\":\"https:\/\/emea.dev.technetix.com\/de\/fttx-netzwerke\/fiber-acess-terminals\/supertap-hardened-connector-feed-drop-cables-for-multiport-flexible-service-terminals-lb-fd\/\",\"url\":\"https:\/\/emea.dev.technetix.com\/de\/fttx-netzwerke\/fiber-acess-terminals\/supertap-hardened-connector-feed-drop-cables-for-multiport-flexible-service-terminals-lb-fd\/\",\"name\":\"SuperTap\u00ae Zuf\u00fchrungs- &amp; Verbindungskabel mit robustem Steckverbinder f\u00fcr Multiport &amp; Flexible Service-Terminals (LB-FD) - Technetix EMEA\",\"isPartOf\":{\"@id\":\"https:\/\/emea.dev.technetix.com\/de\/#website\"},\"primaryImageOfPage\":{\"@id\":\"https:\/\/emea.dev.technetix.com\/de\/fttx-netzwerke\/fiber-acess-terminals\/supertap-hardened-connector-feed-drop-cables-for-multiport-flexible-service-terminals-lb-fd\/#primaryimage\"},\"image\":{\"@id\":\"https:\/\/emea.dev.technetix.com\/de\/fttx-netzwerke\/fiber-acess-terminals\/supertap-hardened-connector-feed-drop-cables-for-multiport-flexible-service-terminals-lb-fd\/#primaryimage\"},\"thumbnailUrl\":\"https:\/\/emea.dev.technetix.com\/wp-content\/uploads\/sites\/2\/2023\/11\/00000000_LB-FD-X-ST_PRFL_01.png\",\"datePublished\":\"2023-11-08T11:12:49+00:00\",\"dateModified\":\"2024-05-16T11:36:04+00:00\",\"breadcrumb\":{\"@id\":\"https:\/\/emea.dev.technetix.com\/de\/fttx-netzwerke\/fiber-acess-terminals\/supertap-hardened-connector-feed-drop-cables-for-multiport-flexible-service-terminals-lb-fd\/#breadcrumb\"},\"inLanguage\":\"de\",\"potentialAction\":[{\"@type\":\"ReadAction\",\"target\":[\"https:\/\/emea.dev.technetix.com\/de\/fttx-netzwerke\/fiber-acess-terminals\/supertap-hardened-connector-feed-drop-cables-for-multiport-flexible-service-terminals-lb-fd\/\"]}]},{\"@type\":\"ImageObject\",\"inLanguage\":\"de\",\"@id\":\"https:\/\/emea.dev.technetix.com\/de\/fttx-netzwerke\/fiber-acess-terminals\/supertap-hardened-connector-feed-drop-cables-for-multiport-flexible-service-terminals-lb-fd\/#primaryimage\",\"url\":\"https:\/\/emea.dev.technetix.com\/wp-content\/uploads\/sites\/2\/2023\/11\/00000000_LB-FD-X-ST_PRFL_01.png\",\"contentUrl\":\"https:\/\/emea.dev.technetix.com\/wp-content\/uploads\/sites\/2\/2023\/11\/00000000_LB-FD-X-ST_PRFL_01.png\"},{\"@type\":\"BreadcrumbList\",\"@id\":\"https:\/\/emea.dev.technetix.com\/de\/fttx-netzwerke\/fiber-acess-terminals\/supertap-hardened-connector-feed-drop-cables-for-multiport-flexible-service-terminals-lb-fd\/#breadcrumb\",\"itemListElement\":[{\"@type\":\"ListItem\",\"position\":1,\"name\":\"Home\",\"item\":\"https:\/\/emea.dev.technetix.com\/de\/\"},{\"@type\":\"ListItem\",\"position\":2,\"name\":\"Fiber network\",\"item\":\"https:\/\/emea.dev.technetix.com\/de\/fttx-netzwerke\/\"},{\"@type\":\"ListItem\",\"position\":3,\"name\":\"Glasfaserterminals\",\"item\":\"https:\/\/emea.dev.technetix.com\/de\/fttx-netzwerke\/fiber-acess-terminals\/\"},{\"@type\":\"ListItem\",\"position\":4,\"name\":\"SuperTap\u00ae Zuf\u00fchrungs- &amp; Verbindungskabel mit robustem Steckverbinder f\u00fcr Multiport &amp; Flexible Service-Terminals (LB-FD)\"}]},{\"@type\":\"WebSite\",\"@id\":\"https:\/\/emea.dev.technetix.com\/de\/#website\",\"url\":\"https:\/\/emea.dev.technetix.com\/de\/\",\"name\":\"Technetix\",\"description\":\"Next-generation broadband equipment engineering\",\"publisher\":{\"@id\":\"https:\/\/emea.dev.technetix.com\/de\/#organization\"},\"potentialAction\":[{\"@type\":\"SearchAction\",\"target\":{\"@type\":\"EntryPoint\",\"urlTemplate\":\"https:\/\/emea.dev.technetix.com\/de\/?s={search_term_string}\"},\"query-input\":{\"@type\":\"PropertyValueSpecification\",\"valueRequired\":true,\"valueName\":\"search_term_string\"}}],\"inLanguage\":\"de\"},{\"@type\":\"Organization\",\"@id\":\"https:\/\/emea.dev.technetix.com\/de\/#organization\",\"name\":\"Technetix\",\"url\":\"https:\/\/emea.dev.technetix.com\/de\/\",\"logo\":{\"@type\":\"ImageObject\",\"inLanguage\":\"de\",\"@id\":\"https:\/\/emea.dev.technetix.com\/de\/#\/schema\/logo\/image\/\",\"url\":\"https:\/\/emea.dev.technetix.com\/wp-content\/uploads\/sites\/2\/2023\/06\/logo-Technetix-1000x1000-1.png\",\"contentUrl\":\"https:\/\/emea.dev.technetix.com\/wp-content\/uploads\/sites\/2\/2023\/06\/logo-Technetix-1000x1000-1.png\",\"width\":1000,\"height\":1000,\"caption\":\"Technetix\"},\"image\":{\"@id\":\"https:\/\/emea.dev.technetix.com\/de\/#\/schema\/logo\/image\/\"},\"sameAs\":[\"https:\/\/x.com\/technetixgroup\",\"https:\/\/www.linkedin.com\/company\/technetix\/\",\"https:\/\/www.youtube.com\/c\/Technetix-group\"]}]}<\/script>\n<!-- \/ Yoast SEO Premium plugin. -->","yoast_head_json":{"title":"SuperTap\u00ae Zuf\u00fchrungs- &amp; Verbindungskabel mit robustem Steckverbinder f\u00fcr Multiport &amp; Flexible Service-Terminals (LB-FD) - Technetix EMEA","robots":{"index":"index","follow":"follow","max-snippet":"max-snippet:-1","max-image-preview":"max-image-preview:large","max-video-preview":"max-video-preview:-1"},"canonical":"https:\/\/emea.dev.technetix.com\/de\/fttx-netzwerke\/fiber-acess-terminals\/supertap-hardened-connector-feed-drop-cables-for-multiport-flexible-service-terminals-lb-fd\/","og_locale":"de_DE","og_type":"article","og_title":"SuperTap\u00ae Zuf\u00fchrungs- &amp; Verbindungskabel mit robustem Steckverbinder f\u00fcr Multiport &amp; Flexible Service-Terminals (LB-FD) - Technetix EMEA","og_description":"N\u00fctzliche Links","og_url":"https:\/\/emea.dev.technetix.com\/de\/fttx-netzwerke\/fiber-acess-terminals\/supertap-hardened-connector-feed-drop-cables-for-multiport-flexible-service-terminals-lb-fd\/","og_site_name":"Technetix EMEA","article_modified_time":"2024-05-16T11:36:04+00:00","og_image":[{"url":"https:\/\/emea.dev.technetix.com\/wp-content\/uploads\/sites\/2\/2023\/11\/00000000_LB-FD-X-ST_PRFL_01.png"}],"twitter_card":"summary_large_image","twitter_site":"@technetixgroup","twitter_misc":{"Gesch\u00e4tzte Lesezeit":"1\u00a0Minute"},"schema":{"@context":"https:\/\/schema.org","@graph":[{"@type":"WebPage","@id":"https:\/\/emea.dev.technetix.com\/de\/fttx-netzwerke\/fiber-acess-terminals\/supertap-hardened-connector-feed-drop-cables-for-multiport-flexible-service-terminals-lb-fd\/","url":"https:\/\/emea.dev.technetix.com\/de\/fttx-netzwerke\/fiber-acess-terminals\/supertap-hardened-connector-feed-drop-cables-for-multiport-flexible-service-terminals-lb-fd\/","name":"SuperTap\u00ae Zuf\u00fchrungs- &amp; Verbindungskabel mit robustem Steckverbinder f\u00fcr Multiport &amp; Flexible Service-Terminals (LB-FD) - Technetix EMEA","isPartOf":{"@id":"https:\/\/emea.dev.technetix.com\/de\/#website"},"primaryImageOfPage":{"@id":"https:\/\/emea.dev.technetix.com\/de\/fttx-netzwerke\/fiber-acess-terminals\/supertap-hardened-connector-feed-drop-cables-for-multiport-flexible-service-terminals-lb-fd\/#primaryimage"},"image":{"@id":"https:\/\/emea.dev.technetix.com\/de\/fttx-netzwerke\/fiber-acess-terminals\/supertap-hardened-connector-feed-drop-cables-for-multiport-flexible-service-terminals-lb-fd\/#primaryimage"},"thumbnailUrl":"https:\/\/emea.dev.technetix.com\/wp-content\/uploads\/sites\/2\/2023\/11\/00000000_LB-FD-X-ST_PRFL_01.png","datePublished":"2023-11-08T11:12:49+00:00","dateModified":"2024-05-16T11:36:04+00:00","breadcrumb":{"@id":"https:\/\/emea.dev.technetix.com\/de\/fttx-netzwerke\/fiber-acess-terminals\/supertap-hardened-connector-feed-drop-cables-for-multiport-flexible-service-terminals-lb-fd\/#breadcrumb"},"inLanguage":"de","potentialAction":[{"@type":"ReadAction","target":["https:\/\/emea.dev.technetix.com\/de\/fttx-netzwerke\/fiber-acess-terminals\/supertap-hardened-connector-feed-drop-cables-for-multiport-flexible-service-terminals-lb-fd\/"]}]},{"@type":"ImageObject","inLanguage":"de","@id":"https:\/\/emea.dev.technetix.com\/de\/fttx-netzwerke\/fiber-acess-terminals\/supertap-hardened-connector-feed-drop-cables-for-multiport-flexible-service-terminals-lb-fd\/#primaryimage","url":"https:\/\/emea.dev.technetix.com\/wp-content\/uploads\/sites\/2\/2023\/11\/00000000_LB-FD-X-ST_PRFL_01.png","contentUrl":"https:\/\/emea.dev.technetix.com\/wp-content\/uploads\/sites\/2\/2023\/11\/00000000_LB-FD-X-ST_PRFL_01.png"},{"@type":"BreadcrumbList","@id":"https:\/\/emea.dev.technetix.com\/de\/fttx-netzwerke\/fiber-acess-terminals\/supertap-hardened-connector-feed-drop-cables-for-multiport-flexible-service-terminals-lb-fd\/#breadcrumb","itemListElement":[{"@type":"ListItem","position":1,"name":"Home","item":"https:\/\/emea.dev.technetix.com\/de\/"},{"@type":"ListItem","position":2,"name":"Fiber network","item":"https:\/\/emea.dev.technetix.com\/de\/fttx-netzwerke\/"},{"@type":"ListItem","position":3,"name":"Glasfaserterminals","item":"https:\/\/emea.dev.technetix.com\/de\/fttx-netzwerke\/fiber-acess-terminals\/"},{"@type":"ListItem","position":4,"name":"SuperTap\u00ae Zuf\u00fchrungs- &amp; Verbindungskabel mit robustem Steckverbinder f\u00fcr Multiport &amp; Flexible Service-Terminals (LB-FD)"}]},{"@type":"WebSite","@id":"https:\/\/emea.dev.technetix.com\/de\/#website","url":"https:\/\/emea.dev.technetix.com\/de\/","name":"Technetix","description":"Next-generation broadband equipment engineering","publisher":{"@id":"https:\/\/emea.dev.technetix.com\/de\/#organization"},"potentialAction":[{"@type":"SearchAction","target":{"@type":"EntryPoint","urlTemplate":"https:\/\/emea.dev.technetix.com\/de\/?s={search_term_string}"},"query-input":{"@type":"PropertyValueSpecification","valueRequired":true,"valueName":"search_term_string"}}],"inLanguage":"de"},{"@type":"Organization","@id":"https:\/\/emea.dev.technetix.com\/de\/#organization","name":"Technetix","url":"https:\/\/emea.dev.technetix.com\/de\/","logo":{"@type":"ImageObject","inLanguage":"de","@id":"https:\/\/emea.dev.technetix.com\/de\/#\/schema\/logo\/image\/","url":"https:\/\/emea.dev.technetix.com\/wp-content\/uploads\/sites\/2\/2023\/06\/logo-Technetix-1000x1000-1.png","contentUrl":"https:\/\/emea.dev.technetix.com\/wp-content\/uploads\/sites\/2\/2023\/06\/logo-Technetix-1000x1000-1.png","width":1000,"height":1000,"caption":"Technetix"},"image":{"@id":"https:\/\/emea.dev.technetix.com\/de\/#\/schema\/logo\/image\/"},"sameAs":["https:\/\/x.com\/technetixgroup","https:\/\/www.linkedin.com\/company\/technetix\/","https:\/\/www.youtube.com\/c\/Technetix-group"]}]}},"acf":[],"publishpress_future_workflow_manual_trigger":{"enabledWorkflows":[]},"_links":{"self":[{"href":"https:\/\/emea.dev.technetix.com\/de\/wp-json\/wp\/v2\/pages\/397406"}],"collection":[{"href":"https:\/\/emea.dev.technetix.com\/de\/wp-json\/wp\/v2\/pages"}],"about":[{"href":"https:\/\/emea.dev.technetix.com\/de\/wp-json\/wp\/v2\/types\/page"}],"author":[{"embeddable":true,"href":"https:\/\/emea.dev.technetix.com\/de\/wp-json\/wp\/v2\/users\/21"}],"replies":[{"embeddable":true,"href":"https:\/\/emea.dev.technetix.com\/de\/wp-json\/wp\/v2\/comments?post=397406"}],"version-history":[{"count":1,"href":"https:\/\/emea.dev.technetix.com\/de\/wp-json\/wp\/v2\/pages\/397406\/revisions"}],"predecessor-version":[{"id":397407,"href":"https:\/\/emea.dev.technetix.com\/de\/wp-json\/wp\/v2\/pages\/397406\/revisions\/397407"}],"up":[{"embeddable":true,"href":"https:\/\/emea.dev.technetix.com\/de\/wp-json\/wp\/v2\/pages\/394596"}],"wp:attachment":[{"href":"https:\/\/emea.dev.technetix.com\/de\/wp-json\/wp\/v2\/media?parent=397406"}],"curies":[{"name":"wp","href":"https:\/\/api.w.org\/{rel}","templated":true}]}}