{"id":270206,"date":"2023-10-12T09:00:34","date_gmt":"2023-10-12T09:00:34","guid":{"rendered":"https:\/\/emea.dev.technetix.com\/dbt-1800-c1\/"},"modified":"2024-02-16T12:29:12","modified_gmt":"2024-02-16T12:29:12","slug":"dbt-1800-c1","status":"publish","type":"page","link":"https:\/\/emea.dev.technetix.com\/de\/dbt-1800-c1\/","title":{"rendered":"DBT-1800-C1"},"content":{"rendered":"<div class=\"gb-container gb-container-a2efb66f gb-container-wide-back-page-con\" id=\"content\">\n<div class=\"gb-grid-wrapper gb-grid-wrapper-5efcc144\">\n<div class=\"gb-grid-column gb-grid-column-6e2f42ae\"><div class=\"gb-container gb-container-6e2f42ae\" id=\"image-col\"><div class=\"gb-inside-container\">\n<figure class=\"gb-block-image gb-block-image-61e35e7d\"><img loading=\"lazy\" decoding=\"async\" width=\"1000\" height=\"1000\" class=\"gb-image gb-image-61e35e7d\" src=\"https:\/\/emea.dev.technetix.com\/wp-content\/uploads\/sites\/2\/2023\/10\/Technetix-DBT1800C1-0753.jpg\" alt=\"\" title=\"Technetix-DBT1800C1-0753\" srcset=\"https:\/\/emea.dev.technetix.com\/wp-content\/uploads\/sites\/2\/2023\/10\/Technetix-DBT1800C1-0753.jpg 1000w, https:\/\/emea.dev.technetix.com\/wp-content\/uploads\/sites\/2\/2023\/10\/Technetix-DBT1800C1-0753-300x300.jpg 300w, https:\/\/emea.dev.technetix.com\/wp-content\/uploads\/sites\/2\/2023\/10\/Technetix-DBT1800C1-0753-150x150.jpg 150w, https:\/\/emea.dev.technetix.com\/wp-content\/uploads\/sites\/2\/2023\/10\/Technetix-DBT1800C1-0753-768x768.jpg 768w, https:\/\/emea.dev.technetix.com\/wp-content\/uploads\/sites\/2\/2023\/10\/Technetix-DBT1800C1-0753-600x600.jpg 600w, https:\/\/emea.dev.technetix.com\/wp-content\/uploads\/sites\/2\/2023\/10\/Technetix-DBT1800C1-0753-100x100.jpg 100w\" sizes=\"(max-width: 1000px) 100vw, 1000px\" \/><\/figure>\n<\/div><\/div><\/div>\n\n<div class=\"gb-grid-column gb-grid-column-cb46cc96\"><div class=\"gb-container gb-container-cb46cc96\" id=\"content-col\"><div class=\"gb-inside-container\">\n<h2 class=\"wp-block-heading\" id=\"h-dbt-1800-c1-line-extender-1-8-ghz-smart-amplifier\">DBT-1800-C1 Line Extender 1,8 GHz Smarter Verst\u00e4rker<\/h2>\n\n<p>Der smarte DBT-1800-C1 Line Extender 1,8 GHz Verst\u00e4rker ist r\u00fcckw\u00e4rtskompatibel zu konventionellen SA\/GainMaker\u00ae-Verst\u00e4rkern. Hochmoderne Gestaltung und Funktionen bieten MSOs eine nahtlose Aufr\u00fcstm\u00f6glichkeit auf 1,8 GHz unter Beibehaltung alter konventioneller Ebenen. Mit mehr als 10 Jahren erprobter Software-Steuerungsf\u00e4higkeiten kann die Zeitdauer zur Aufr\u00fcstung des Netzwerks um 80 % verringert werden. \u00dcber das Herstellzertifikat des Verst\u00e4rkers k\u00f6nnen MSOs das Netzwerk w\u00e4hrend der Aufr\u00fcstung registrieren, einrichten, nachverfolgen und dokumentieren. Die Plattform wird von NeuronX\u2122 (AI Empowered Networks) vollumf\u00e4nglich unterst\u00fctzt.    <\/p>\n\n<p>Eigenschaften:<\/p>\n\n<ul class=\"wp-block-list\"><li>Vorbereitet f\u00fcr DOCSIS\u00ae 4.0 (1794 MHz\/684 MHz), entspricht dem Standard SCTE 279 2022<\/li>\n\n<li>Vollst\u00e4ndige smarte elektronische Kontrolle und Einstellung \u00fcber die Unified Software-Werkzeuge von Technetix<\/li>\n\n<li>Agile AGC\/ALSC-Funktionalit\u00e4t<\/li>\n\n<li>Selbstjustierung<\/li>\n\n<li>Ger\u00e4te-agnostische Fernsteuerung und \u00dcberwachung <\/li>\n\n<li>Feldmontierbare Diplex-Filter f\u00fcr zuk\u00fcnftige Bandbreiten-Upgrades<\/li>\n\n<li>Unterst\u00fctzt vorhandene konventionelle Ebenen <\/li>\n\n<li>Bis zu 30 % Reduzierung der Leistungsaufnahme im Vergleich zu konventionellen Technologien<\/li><\/ul>\n<\/div><\/div><\/div>\n<\/div>\n<\/div><div class=\"gb-container gb-container-e4a86c09 gb-container-con-buttons-bottom\" id=\"buttons\">\n<h2 class=\"gb-headline gb-headline-7ce6fa4b gb-headline-text gb-headline-head-bottom-buttons\">N\u00fctzliche Links<\/h2>\n\n<div class=\"gb-button-wrapper gb-button-wrapper-5300c273 gb-button-wrapper-after-con-buttons\">\n<a class=\"gb-button gb-button-875d5801 gb-button-text gb-button-bottom-button\" href=\"https:\/\/emea.dev.technetix.com\/wp-content\/uploads\/sites\/2\/2023\/11\/DBT_BRC_AE_06.pdf\" target=\"_blank\" rel=\"noopener noreferrer\">Brosch\u00fcre<\/a>\n\n<a class=\"gb-button gb-button-ff3bad62 gb-button-text gb-button-bottom-button\" href=\"https:\/\/emea.dev.technetix.com\/de\/kontakt\/\" target=\"_blank\" rel=\"noopener noreferrer\">Kontakt<\/a>\n<\/div>\n<\/div>","protected":false},"excerpt":{"rendered":"<p>N\u00fctzliche Links<\/p>\n","protected":false},"author":3,"featured_media":0,"parent":0,"menu_order":0,"comment_status":"closed","ping_status":"closed","template":"","meta":{"_acf_changed":false,"_gspb_post_css":"","footnotes":""},"class_list":["post-270206","page","type-page","status-publish"],"yoast_head":"<!-- This site is optimized with the Yoast SEO Premium plugin v22.5 (Yoast SEO v23.7) - https:\/\/yoast.com\/wordpress\/plugins\/seo\/ -->\n<title>DBT-1800-C1 - Technetix EMEA<\/title>\n<meta name=\"robots\" content=\"index, follow, max-snippet:-1, max-image-preview:large, max-video-preview:-1\" \/>\n<link rel=\"canonical\" href=\"https:\/\/emea.dev.technetix.com\/de\/dbt-1800-c1\/\" \/>\n<meta property=\"og:locale\" content=\"de_DE\" \/>\n<meta property=\"og:type\" content=\"article\" \/>\n<meta property=\"og:title\" content=\"DBT-1800-C1 - Technetix EMEA\" \/>\n<meta property=\"og:description\" content=\"N\u00fctzliche Links\" \/>\n<meta property=\"og:url\" content=\"https:\/\/emea.dev.technetix.com\/de\/dbt-1800-c1\/\" \/>\n<meta property=\"og:site_name\" content=\"Technetix EMEA\" \/>\n<meta property=\"article:modified_time\" content=\"2024-02-16T12:29:12+00:00\" \/>\n<meta property=\"og:image\" content=\"https:\/\/emea.dev.technetix.com\/wp-content\/uploads\/sites\/2\/2023\/10\/Technetix-DBT1800C1-0753.jpg\" \/>\n<meta name=\"twitter:card\" content=\"summary_large_image\" \/>\n<meta name=\"twitter:site\" content=\"@technetixgroup\" \/>\n<meta name=\"twitter:label1\" content=\"Gesch\u00e4tzte Lesezeit\" \/>\n\t<meta name=\"twitter:data1\" content=\"1\u00a0Minute\" \/>\n<script type=\"application\/ld+json\" class=\"yoast-schema-graph\">{\"@context\":\"https:\/\/schema.org\",\"@graph\":[{\"@type\":\"WebPage\",\"@id\":\"https:\/\/emea.dev.technetix.com\/de\/dbt-1800-c1\/\",\"url\":\"https:\/\/emea.dev.technetix.com\/de\/dbt-1800-c1\/\",\"name\":\"DBT-1800-C1 - Technetix EMEA\",\"isPartOf\":{\"@id\":\"https:\/\/emea.dev.technetix.com\/de\/#website\"},\"primaryImageOfPage\":{\"@id\":\"https:\/\/emea.dev.technetix.com\/de\/dbt-1800-c1\/#primaryimage\"},\"image\":{\"@id\":\"https:\/\/emea.dev.technetix.com\/de\/dbt-1800-c1\/#primaryimage\"},\"thumbnailUrl\":\"https:\/\/emea.dev.technetix.com\/wp-content\/uploads\/sites\/2\/2023\/10\/Technetix-DBT1800C1-0753.jpg\",\"datePublished\":\"2023-10-12T09:00:34+00:00\",\"dateModified\":\"2024-02-16T12:29:12+00:00\",\"breadcrumb\":{\"@id\":\"https:\/\/emea.dev.technetix.com\/de\/dbt-1800-c1\/#breadcrumb\"},\"inLanguage\":\"de\",\"potentialAction\":[{\"@type\":\"ReadAction\",\"target\":[\"https:\/\/emea.dev.technetix.com\/de\/dbt-1800-c1\/\"]}]},{\"@type\":\"ImageObject\",\"inLanguage\":\"de\",\"@id\":\"https:\/\/emea.dev.technetix.com\/de\/dbt-1800-c1\/#primaryimage\",\"url\":\"https:\/\/emea.dev.technetix.com\/wp-content\/uploads\/sites\/2\/2023\/10\/Technetix-DBT1800C1-0753.jpg\",\"contentUrl\":\"https:\/\/emea.dev.technetix.com\/wp-content\/uploads\/sites\/2\/2023\/10\/Technetix-DBT1800C1-0753.jpg\"},{\"@type\":\"BreadcrumbList\",\"@id\":\"https:\/\/emea.dev.technetix.com\/de\/dbt-1800-c1\/#breadcrumb\",\"itemListElement\":[{\"@type\":\"ListItem\",\"position\":1,\"name\":\"Home\",\"item\":\"https:\/\/emea.dev.technetix.com\/de\/\"},{\"@type\":\"ListItem\",\"position\":2,\"name\":\"DBT-1800-C1\"}]},{\"@type\":\"WebSite\",\"@id\":\"https:\/\/emea.dev.technetix.com\/de\/#website\",\"url\":\"https:\/\/emea.dev.technetix.com\/de\/\",\"name\":\"Technetix\",\"description\":\"Next-generation broadband equipment engineering\",\"publisher\":{\"@id\":\"https:\/\/emea.dev.technetix.com\/de\/#organization\"},\"potentialAction\":[{\"@type\":\"SearchAction\",\"target\":{\"@type\":\"EntryPoint\",\"urlTemplate\":\"https:\/\/emea.dev.technetix.com\/de\/?s={search_term_string}\"},\"query-input\":{\"@type\":\"PropertyValueSpecification\",\"valueRequired\":true,\"valueName\":\"search_term_string\"}}],\"inLanguage\":\"de\"},{\"@type\":\"Organization\",\"@id\":\"https:\/\/emea.dev.technetix.com\/de\/#organization\",\"name\":\"Technetix\",\"url\":\"https:\/\/emea.dev.technetix.com\/de\/\",\"logo\":{\"@type\":\"ImageObject\",\"inLanguage\":\"de\",\"@id\":\"https:\/\/emea.dev.technetix.com\/de\/#\/schema\/logo\/image\/\",\"url\":\"https:\/\/emea.dev.technetix.com\/wp-content\/uploads\/sites\/2\/2023\/06\/logo-Technetix-1000x1000-1.png\",\"contentUrl\":\"https:\/\/emea.dev.technetix.com\/wp-content\/uploads\/sites\/2\/2023\/06\/logo-Technetix-1000x1000-1.png\",\"width\":1000,\"height\":1000,\"caption\":\"Technetix\"},\"image\":{\"@id\":\"https:\/\/emea.dev.technetix.com\/de\/#\/schema\/logo\/image\/\"},\"sameAs\":[\"https:\/\/x.com\/technetixgroup\",\"https:\/\/www.linkedin.com\/company\/technetix\/\",\"https:\/\/www.youtube.com\/c\/Technetix-group\"]}]}<\/script>\n<!-- \/ Yoast SEO Premium plugin. -->","yoast_head_json":{"title":"DBT-1800-C1 - Technetix EMEA","robots":{"index":"index","follow":"follow","max-snippet":"max-snippet:-1","max-image-preview":"max-image-preview:large","max-video-preview":"max-video-preview:-1"},"canonical":"https:\/\/emea.dev.technetix.com\/de\/dbt-1800-c1\/","og_locale":"de_DE","og_type":"article","og_title":"DBT-1800-C1 - Technetix EMEA","og_description":"N\u00fctzliche Links","og_url":"https:\/\/emea.dev.technetix.com\/de\/dbt-1800-c1\/","og_site_name":"Technetix EMEA","article_modified_time":"2024-02-16T12:29:12+00:00","og_image":[{"url":"https:\/\/emea.dev.technetix.com\/wp-content\/uploads\/sites\/2\/2023\/10\/Technetix-DBT1800C1-0753.jpg"}],"twitter_card":"summary_large_image","twitter_site":"@technetixgroup","twitter_misc":{"Gesch\u00e4tzte Lesezeit":"1\u00a0Minute"},"schema":{"@context":"https:\/\/schema.org","@graph":[{"@type":"WebPage","@id":"https:\/\/emea.dev.technetix.com\/de\/dbt-1800-c1\/","url":"https:\/\/emea.dev.technetix.com\/de\/dbt-1800-c1\/","name":"DBT-1800-C1 - Technetix EMEA","isPartOf":{"@id":"https:\/\/emea.dev.technetix.com\/de\/#website"},"primaryImageOfPage":{"@id":"https:\/\/emea.dev.technetix.com\/de\/dbt-1800-c1\/#primaryimage"},"image":{"@id":"https:\/\/emea.dev.technetix.com\/de\/dbt-1800-c1\/#primaryimage"},"thumbnailUrl":"https:\/\/emea.dev.technetix.com\/wp-content\/uploads\/sites\/2\/2023\/10\/Technetix-DBT1800C1-0753.jpg","datePublished":"2023-10-12T09:00:34+00:00","dateModified":"2024-02-16T12:29:12+00:00","breadcrumb":{"@id":"https:\/\/emea.dev.technetix.com\/de\/dbt-1800-c1\/#breadcrumb"},"inLanguage":"de","potentialAction":[{"@type":"ReadAction","target":["https:\/\/emea.dev.technetix.com\/de\/dbt-1800-c1\/"]}]},{"@type":"ImageObject","inLanguage":"de","@id":"https:\/\/emea.dev.technetix.com\/de\/dbt-1800-c1\/#primaryimage","url":"https:\/\/emea.dev.technetix.com\/wp-content\/uploads\/sites\/2\/2023\/10\/Technetix-DBT1800C1-0753.jpg","contentUrl":"https:\/\/emea.dev.technetix.com\/wp-content\/uploads\/sites\/2\/2023\/10\/Technetix-DBT1800C1-0753.jpg"},{"@type":"BreadcrumbList","@id":"https:\/\/emea.dev.technetix.com\/de\/dbt-1800-c1\/#breadcrumb","itemListElement":[{"@type":"ListItem","position":1,"name":"Home","item":"https:\/\/emea.dev.technetix.com\/de\/"},{"@type":"ListItem","position":2,"name":"DBT-1800-C1"}]},{"@type":"WebSite","@id":"https:\/\/emea.dev.technetix.com\/de\/#website","url":"https:\/\/emea.dev.technetix.com\/de\/","name":"Technetix","description":"Next-generation broadband equipment engineering","publisher":{"@id":"https:\/\/emea.dev.technetix.com\/de\/#organization"},"potentialAction":[{"@type":"SearchAction","target":{"@type":"EntryPoint","urlTemplate":"https:\/\/emea.dev.technetix.com\/de\/?s={search_term_string}"},"query-input":{"@type":"PropertyValueSpecification","valueRequired":true,"valueName":"search_term_string"}}],"inLanguage":"de"},{"@type":"Organization","@id":"https:\/\/emea.dev.technetix.com\/de\/#organization","name":"Technetix","url":"https:\/\/emea.dev.technetix.com\/de\/","logo":{"@type":"ImageObject","inLanguage":"de","@id":"https:\/\/emea.dev.technetix.com\/de\/#\/schema\/logo\/image\/","url":"https:\/\/emea.dev.technetix.com\/wp-content\/uploads\/sites\/2\/2023\/06\/logo-Technetix-1000x1000-1.png","contentUrl":"https:\/\/emea.dev.technetix.com\/wp-content\/uploads\/sites\/2\/2023\/06\/logo-Technetix-1000x1000-1.png","width":1000,"height":1000,"caption":"Technetix"},"image":{"@id":"https:\/\/emea.dev.technetix.com\/de\/#\/schema\/logo\/image\/"},"sameAs":["https:\/\/x.com\/technetixgroup","https:\/\/www.linkedin.com\/company\/technetix\/","https:\/\/www.youtube.com\/c\/Technetix-group"]}]}},"acf":[],"publishpress_future_workflow_manual_trigger":{"enabledWorkflows":[]},"_links":{"self":[{"href":"https:\/\/emea.dev.technetix.com\/de\/wp-json\/wp\/v2\/pages\/270206"}],"collection":[{"href":"https:\/\/emea.dev.technetix.com\/de\/wp-json\/wp\/v2\/pages"}],"about":[{"href":"https:\/\/emea.dev.technetix.com\/de\/wp-json\/wp\/v2\/types\/page"}],"author":[{"embeddable":true,"href":"https:\/\/emea.dev.technetix.com\/de\/wp-json\/wp\/v2\/users\/3"}],"replies":[{"embeddable":true,"href":"https:\/\/emea.dev.technetix.com\/de\/wp-json\/wp\/v2\/comments?post=270206"}],"version-history":[{"count":1,"href":"https:\/\/emea.dev.technetix.com\/de\/wp-json\/wp\/v2\/pages\/270206\/revisions"}],"predecessor-version":[{"id":270207,"href":"https:\/\/emea.dev.technetix.com\/de\/wp-json\/wp\/v2\/pages\/270206\/revisions\/270207"}],"wp:attachment":[{"href":"https:\/\/emea.dev.technetix.com\/de\/wp-json\/wp\/v2\/media?parent=270206"}],"curies":[{"name":"wp","href":"https:\/\/api.w.org\/{rel}","templated":true}]}}